{"id":1083,"date":"2021-09-27T11:45:18","date_gmt":"2021-09-27T14:45:18","guid":{"rendered":"https:\/\/www.inversionessanjuan.gov.ar\/?page_id=1083"},"modified":"2022-08-10T10:55:49","modified_gmt":"2022-08-10T13:55:49","slug":"argentina-impacta-2021","status":"publish","type":"page","link":"https:\/\/www.inversionessanjuan.gov.ar\/?page_id=1083","title":{"rendered":"Argentina Impacta 2021"},"content":{"rendered":"<div id=\"cs-content\" class=\"cs-content\"><\/div>\n","protected":false},"excerpt":{"rendered":"<p>Argentina ImpactaA qui\u00e9nes estamos convocando? Profesionales, empresarios, productores, representantes del mundo acad\u00e9mico, funcionarios p\u00fablicos, ONG\u00b4s, trabajadores, j\u00f3venes y agentes de cambio en general de la regi\u00f3n, que se atrevan a mirar m\u00e1s all\u00e1 para contribuir con los desaf\u00edos mundiales, plasmados en los Objetivos de Desarrollo Sostenible de Naciones Unidas. Qu\u00e9 es el Triple Impacto? Es un concepto de \u00e9xito corporativo &#8230; <\/p>\n<div><a href=\"https:\/\/www.inversionessanjuan.gov.ar\/?page_id=1083\" class=\"more-link\">Read More<\/a><\/div>\n","protected":false},"author":1,"featured_media":0,"parent":0,"menu_order":0,"comment_status":"closed","ping_status":"closed","template":"template-blank-4.php","meta":{"footnotes":""},"_links":{"self":[{"href":"https:\/\/www.inversionessanjuan.gov.ar\/index.php?rest_route=\/wp\/v2\/pages\/1083"}],"collection":[{"href":"https:\/\/www.inversionessanjuan.gov.ar\/index.php?rest_route=\/wp\/v2\/pages"}],"about":[{"href":"https:\/\/www.inversionessanjuan.gov.ar\/index.php?rest_route=\/wp\/v2\/types\/page"}],"author":[{"embeddable":true,"href":"https:\/\/www.inversionessanjuan.gov.ar\/index.php?rest_route=\/wp\/v2\/users\/1"}],"replies":[{"embeddable":true,"href":"https:\/\/www.inversionessanjuan.gov.ar\/index.php?rest_route=%2Fwp%2Fv2%2Fcomments&post=1083"}],"version-history":[{"count":15,"href":"https:\/\/www.inversionessanjuan.gov.ar\/index.php?rest_route=\/wp\/v2\/pages\/1083\/revisions"}],"predecessor-version":[{"id":1530,"href":"https:\/\/www.inversionessanjuan.gov.ar\/index.php?rest_route=\/wp\/v2\/pages\/1083\/revisions\/1530"}],"wp:attachment":[{"href":"https:\/\/www.inversionessanjuan.gov.ar\/index.php?rest_route=%2Fwp%2Fv2%2Fmedia&parent=1083"}],"curies":[{"name":"wp","href":"https:\/\/api.w.org\/{rel}","templated":true}]}}