{"id":1154,"date":"2021-10-29T11:43:55","date_gmt":"2021-10-29T14:43:55","guid":{"rendered":"https:\/\/www.inversionessanjuan.gov.ar\/?page_id=1154"},"modified":"2025-02-12T08:19:02","modified_gmt":"2025-02-12T11:19:02","slug":"apoyo-a-la-inversion-privada","status":"publish","type":"page","link":"https:\/\/www.inversionessanjuan.gov.ar\/?page_id=1154","title":{"rendered":"Apoyo a la Inversi\u00f3n Privada"},"content":{"rendered":"<div id=\"cs-content\" class=\"cs-content\"><div class=\"x-section e1154-e1 mw2-0 mw2-1\"><div class=\"x-bg\" aria-hidden=\"true\" style=\"border-radius: inherit inherit 100px inherit;\"><div class=\"x-bg-layer-lower-image\" data-x-element-bg-layer=\"{&quot;parallaxSize&quot;:&quot;150%&quot;,&quot;parallaxDir&quot;:&quot;v&quot;,&quot;parallaxRev&quot;:false}\"><\/div><\/div><div class=\"x-row x-container max width e1154-e2 mw2-4 mw2-5 mw2-6 mw2-9 mw2-a\"><div class=\"x-row-inner\"><div class=\"x-col e1154-e3 mw2-e mw2-f mw2-g mw2-h\"><div class=\"x-text x-text-headline e1154-e4 mw2-k mw2-l\"><div class=\"x-text-content\"><div class=\"x-text-content-text\"><h1 class=\"x-text-content-text-primary\">Apoyo a la <strong>Inversi\u00f3n Privada<\/strong><br>\nIncentivos Fiscales\n <\/h1><\/div><\/div><\/div><\/div><\/div><\/div><\/div><div class=\"x-section e1154-e5 mw2-0 mw2-2 mw2-3\"><span class=\"x-separator-top-angle-in\" style=\"top: 0px; height: 70px; color: rgb(255, 255, 255);\" aria-hidden=\"true\"><svg class=\"angle-top-in\" style=\"fill: currentColor;\" xmlns=\"http:\/\/www.w3.org\/2000\/svg\" version=\"1.1\" viewBox=\"0 0 100 100\" preserveAspectRatio=\"none\"><polygon points=\"0,100 50,100 0,0\"\/><polygon points=\"50,100 100,100 100,0\"\/><\/svg><\/span><div class=\"x-bg\" aria-hidden=\"true\"><div class=\"x-bg-layer-lower-image\"><\/div><\/div><div class=\"x-row x-container max width e1154-e6 mw2-4 mw2-6 mw2-7 mw2-9 mw2-b\"><div class=\"x-row-inner\"><div class=\"x-col e1154-e7 mw2-e mw2-f mw2-g\"><hr class=\"x-line e1154-e8 mw2-n\"><\/hr><\/div><\/div><\/div><div class=\"x-row e1154-e9 mw2-4 mw2-7 mw2-8 mw2-c\"><div class=\"x-row-inner\"><div class=\"x-col e1154-e10 mw2-e mw2-i\"><div class=\"x-text x-content e1154-e11 mw2-o mw2-p\"><h5 style=\"text-align: justify;\">Programa de Apoyo a la Inversi\u00f3n Privada en la Provincia de San Juan<br \/>\nLey Provincial N\u00b0 2270-J<\/h5><\/div><div class=\"x-text x-content e1154-e12 mw2-o mw2-q\"><p>El Programa de Apoyo a la Inversi\u00f3n Privada en la Provincia de San Juan es instituido por Ley Provincial N\u00b0 2270-J y tiene por finalidad la creaci\u00f3n de empleo de calidad e inclusivo y el desarrollo productivo y sostenible provincial.<br \/>\nSu objetivo es contribuir a mitigar el impacto de la pandemia sobre la producci\u00f3n, promoviendo nuevas inversiones\u00a0 sustentables por parte del sector privado ya sea de capital provincial, nacional o internacional, a trav\u00e9s del otorgamiento de incentivos fiscales.<br \/>\nEn congruencia con el compromiso, que asumi\u00f3 la Provincia de San Juan, de generar condiciones para la materializaci\u00f3n de los Objetivos de Desarrollo Sostenible de la ONU y de contribuir con la expansi\u00f3n de un ecosistema de negocios de triple impacto asentado en la cultura de la sustentabilidad empresarial, este Programa busca promover la inversi\u00f3n sustentable. A los fines de este Programa, se entiende por inversi\u00f3n sustentable, aqu\u00e9lla que contribuya con soluciones a problemas de la<br \/>\neconom\u00eda real, que genere retornos financieros, que impacte de manera positiva en el ambiente y la sociedad, que cree nuevos puestos de trabajo inclusivos de calidad y demande la compra de insumos locales.<br \/>\nPara tal fin, el Programa otorga como beneficio, \u201cCertificados de Cr\u00e9dito Fiscal\u201d, que pueden aplicarse al pago de obligaciones fiscales provinciales, con una vigencia de cinco (5) a\u00f1os computados desde la fecha de emisi\u00f3n.<br \/>\nLos mencionados certificados podr\u00e1n ser de hasta un 80% (ochenta por ciento) del valor total del proyecto de inversi\u00f3n sustentable que apruebe el Comit\u00e9 Ad-Hoc tras el dictamen positivo de la evaluaci\u00f3n de prefactibilidad y factibilidad.<br \/>\nEste Programa admite tres (3) modalidades para el otorgamiento del certificado de cr\u00e9dito fiscal: subsidio, cr\u00e9dito reintegrable, o ambos. La convocatoria a la presentaci\u00f3n de proyectos de inversi\u00f3n sustentables se extender\u00e1 hasta tanto finalice el presupuesto del Programa instituido por Ley Provincial N\u00b0 2272-J de dos mil millones de pesos ($2.000.000.000).<br \/>\nLos Proyectos de Inversi\u00f3n Sustentable que se presenten en el marco del Programa deben respetar en un todo los alcances establecidos en el Reglamento Operativo del Programa de Bases y Condiciones; siendo estas \u00faltimas de cumplimiento obligatorio para los postulantes y beneficiarios.<br \/>\nAsimismo, los proyectos deben ser presentados a trav\u00e9s de la plataforma digital, desarrollada para este Programa y localizada en el sitio web de la Agencia San Juan de Desarrollo de Inversiones.<\/p><\/div><a class=\"x-anchor x-anchor-button has-graphic e1154-e13 mw2-r mw2-s\" tabindex=\"0\" href=\"https:\/\/servicios.inversionessanjuan.gov.ar\/auth\/login\" target=\"_blank\"><div class=\"x-anchor-content\"><span class=\"x-graphic\" aria-hidden=\"true\"><i class=\"x-icon x-graphic-child x-graphic-icon x-graphic-primary\" aria-hidden=\"true\" data-x-icon-l=\"&#xf25a;\"><\/i><\/span><div class=\"x-anchor-text\"><span class=\"x-anchor-text-primary\"><span style=\"color: #ffffff;\">Ingrese a la Plataforma Digital<\/span><\/span><\/div><\/div><\/a><\/div><div class=\"x-col e1154-e14 mw2-e mw2-f mw2-j\"><div class=\"x-bg\" aria-hidden=\"true\"><div class=\"x-bg-layer-lower-image\" style=\" background-image: url(https:\/\/www.inversionessanjuan.gov.ar\/wp-content\/uploads\/2021\/10\/obrero-metalurgico.jpg); background-repeat: no-repeat; background-position: center; background-size: cover;\"><\/div><div class=\"x-bg-layer-upper-color\" style=\" background-color: rgba(2, 2, 2, 0.3);\"><\/div><\/div><div class=\"x-text x-text-headline e1154-e15 mw2-l mw2-m\"><div class=\"x-text-content\"><div class=\"x-text-content-text\"><h1 class=\"x-text-content-text-primary\">MARCO NORMATIVO<\/h1><\/div><\/div><\/div><ul  class=\"x-feature-list\"  data-x-element=\"feature_list\" data-x-params=\"{&quot;animationOffset&quot;:&quot;50&quot;,&quot;animationDelayInitial&quot;:&quot;0&quot;,&quot;animationDelayBetween&quot;:&quot;300&quot;}\"><li  class=\"x-feature-box left-text top-text cf\" style=\" max-width: none;\" data-x-element=\"feature_box\" data-x-params=\"{&quot;child&quot;:true,&quot;graphicAnimation&quot;:&quot;none&quot;,&quot;connectorAnimation&quot;:&quot;none&quot;,&quot;alignH&quot;:&quot;left&quot;,&quot;alignV&quot;:&quot;top&quot;}\"><span class=\"x-feature-box-connector full\" style=\"font-size: 40px; left: 0; right: calc(100% - 40px); border-left: 1px dashed hsl(0, 0%, 100%);\"><\/span><div class=\"x-feature-box-graphic circle \"><div class=\"x-feature-box-graphic-outer circle\" style=\" margin-right: 20px;\"><div class=\"x-feature-box-graphic-inner circle\" style=\"font-size: 40px;\"><i class=\"x-icon-balance-scale circle\" data-x-icon-s=\"&#xf24e;\"  style=\"margin: 0 auto; border-width: 2px 2px 2px 2px; border-style: solid; border-color: ; color: #ffffff; background-color: rgb(114, 63, 85);\"><\/i><\/div><\/div><\/div><div class=\"x-feature-box-content \"><h4 class=\"x-feature-box-title\" style=\"color: hsl(0, 0%, 100%);\">LEY N.\u00ba 2270-J<\/h4><p class=\"x-feature-box-text\" style=\"color: transparent;\"> <a href=\"https:\/\/www.inversionessanjuan.gov.ar\/wp-content\/uploads\/2021\/10\/Ley-2270-J.pdf\" title=\"Bajar Archivo\" target=\"_blank\" rel=\"\" style=\"color: hsl(0, 0%, 100%);\">Bajar Archivo<\/a><\/p><\/div><\/li><li  class=\"x-feature-box left-text top-text cf\" style=\" max-width: none;\" data-x-element=\"feature_box\" data-x-params=\"{&quot;child&quot;:true,&quot;graphicAnimation&quot;:&quot;none&quot;,&quot;connectorAnimation&quot;:&quot;none&quot;,&quot;alignH&quot;:&quot;left&quot;,&quot;alignV&quot;:&quot;top&quot;}\"><span class=\"x-feature-box-connector full\" style=\"font-size: 40px; left: 0; right: calc(100% - 40px); border-left: 1px dashed hsl(0, 0%, 100%);\"><\/span><div class=\"x-feature-box-graphic circle \"><div class=\"x-feature-box-graphic-outer circle\" style=\" margin-right: 20px;\"><div class=\"x-feature-box-graphic-inner circle\" style=\"font-size: 40px;\"><i class=\"x-icon-balance-scale circle\" data-x-icon-s=\"&#xf24e;\"  style=\"margin: 0 auto; border-width: 2px 2px 2px 2px; border-style: solid; border-color: hsl(0, 0%, 100%); color: #ffffff; background-color: rgb(114, 63, 85);\"><\/i><\/div><\/div><\/div><div class=\"x-feature-box-content \"><h4 class=\"x-feature-box-title\" style=\"color: hsl(0, 0%, 100%);\">Decreto Reglamentario N\u00b0 0008\/2021<\/h4><p class=\"x-feature-box-text\"> <a href=\"https:\/\/www.inversionessanjuan.gov.ar\/wp-content\/uploads\/2021\/10\/DECRETO-REGLAM.-008-LEY-2270-J-1.pdf\" title=\"Bajar Archivo\" target=\"_blank\" rel=\"\" style=\"color: hsl(0, 0%, 100%);\">Bajar Archivo<\/a><\/p><\/div><\/li><li  class=\"x-feature-box left-text top-text cf\" style=\" max-width: none;\" data-x-element=\"feature_box\" data-x-params=\"{&quot;child&quot;:true,&quot;graphicAnimation&quot;:&quot;none&quot;,&quot;connectorAnimation&quot;:&quot;none&quot;,&quot;alignH&quot;:&quot;left&quot;,&quot;alignV&quot;:&quot;top&quot;}\"><span class=\"x-feature-box-connector full\" style=\"font-size: 40px; left: 0; right: calc(100% - 40px); border-left: 1px dashed hsl(0, 0%, 100%);\"><\/span><div class=\"x-feature-box-graphic circle \"><div class=\"x-feature-box-graphic-outer circle\" style=\" margin-right: 20px;\"><div class=\"x-feature-box-graphic-inner circle\" style=\"font-size: 40px;\"><i class=\"x-icon-balance-scale circle\" data-x-icon-s=\"&#xf24e;\"  style=\"margin: 0 auto; border-width: 2px 2px 2px 2px; border-style: solid; border-color: hsl(0, 0%, 100%); color: #ffffff; background-color: rgb(114, 63, 85);\"><\/i><\/div><\/div><\/div><div class=\"x-feature-box-content \"><h4 class=\"x-feature-box-title\" style=\"color: hsl(0, 0%, 100%);\">Reglamento Operativo Resoluci\u00f3n N\u00b0 0005\/2022<\/h4><p class=\"x-feature-box-text\"> <a href=\"https:\/\/www.inversionessanjuan.gov.ar\/wp-content\/uploads\/2022\/02\/REGLAMENTO-OPERATIVO-RESOLUCION-005-22.pdf\" title=\"Bajar Archivo\" target=\"_blank\" rel=\"\" style=\"color: hsl(0, 0%, 100%);\">Bajar Archivo<\/a><\/p><\/div><\/li><li  class=\"x-feature-box left-text top-text cf\" style=\" max-width: none;\" data-x-element=\"feature_box\" data-x-params=\"{&quot;child&quot;:true,&quot;graphicAnimation&quot;:&quot;none&quot;,&quot;connectorAnimation&quot;:&quot;none&quot;,&quot;alignH&quot;:&quot;left&quot;,&quot;alignV&quot;:&quot;top&quot;}\"><span class=\"x-feature-box-connector full\" style=\"font-size: 40px; left: 0; right: calc(100% - 40px); border-left: 1px dashed hsl(0, 0%, 100%);\"><\/span><div class=\"x-feature-box-graphic circle \"><div class=\"x-feature-box-graphic-outer circle\" style=\" margin-right: 20px;\"><div class=\"x-feature-box-graphic-inner circle\" style=\"font-size: 40px;\"><i class=\"x-icon-balance-scale circle\" data-x-icon-s=\"&#xf24e;\"  style=\"margin: 0 auto; border-width: 2px 2px 2px 2px; border-style: solid; border-color: hsl(0, 0%, 100%); color: #ffffff; background-color: rgb(114, 63, 85);\"><\/i><\/div><\/div><\/div><div class=\"x-feature-box-content \"><h4 class=\"x-feature-box-title\" style=\"color: hsl(0, 0%, 100%);\">Resoluci\u00f3n 030 ASJDI - 2022<\/h4><p class=\"x-feature-box-text\"> <a href=\"https:\/\/www.inversionessanjuan.gov.ar\/wp-content\/uploads\/2022\/04\/Resolucion-no-30-ASJDI-2022.pdf\" title=\"Bajar Archivo\" target=\"_blank\" rel=\"\" style=\"color: hsl(0, 0%, 100%);\">Bajar Archivo<\/a><\/p><\/div><\/li><li  class=\"x-feature-box left-text top-text cf\" style=\" max-width: none;\" data-x-element=\"feature_box\" data-x-params=\"{&quot;child&quot;:true,&quot;graphicAnimation&quot;:&quot;none&quot;,&quot;connectorAnimation&quot;:&quot;none&quot;,&quot;alignH&quot;:&quot;left&quot;,&quot;alignV&quot;:&quot;top&quot;}\"><span class=\"x-feature-box-connector full\" style=\"font-size: 40px; left: 0; right: calc(100% - 40px); border-left: 1px dashed hsl(0, 0%, 100%);\"><\/span><div class=\"x-feature-box-graphic circle \"><div class=\"x-feature-box-graphic-outer circle\" style=\" margin-right: 20px;\"><div class=\"x-feature-box-graphic-inner circle\" style=\"font-size: 40px;\"><i class=\"x-icon-balance-scale circle\" data-x-icon-s=\"&#xf24e;\"  style=\"margin: 0 auto; border-width: 2px 2px 2px 2px; border-style: solid; border-color: hsl(0, 0%, 100%); color: #ffffff; background-color: rgb(114, 63, 85);\"><\/i><\/div><\/div><\/div><div class=\"x-feature-box-content \"><h4 class=\"x-feature-box-title\" style=\"color: hsl(0, 0%, 100%);\">Resoluci\u00f3n 031 ASJDI - 2022<\/h4><p class=\"x-feature-box-text\"> <a href=\"https:\/\/www.inversionessanjuan.gov.ar\/wp-content\/uploads\/2022\/04\/Resolucion-no-31-ASJDI-2022.pdf\" title=\"Bajar Archivo\" target=\"_blank\" rel=\"\" style=\"color: hsl(0, 0%, 100%);\">Bajar Archivo<\/a><\/p><\/div><\/li><li  class=\"x-feature-box left-text top-text cf\" style=\" max-width: none;\" data-x-element=\"feature_box\" data-x-params=\"{&quot;child&quot;:true,&quot;graphicAnimation&quot;:&quot;none&quot;,&quot;connectorAnimation&quot;:&quot;none&quot;,&quot;alignH&quot;:&quot;left&quot;,&quot;alignV&quot;:&quot;top&quot;}\"><span class=\"x-feature-box-connector full\" style=\"font-size: 40px; left: 0; right: calc(100% - 40px); border-left: 1px dashed hsl(0, 0%, 100%);\"><\/span><div class=\"x-feature-box-graphic circle \"><div class=\"x-feature-box-graphic-outer circle\" style=\" margin-right: 20px;\"><div class=\"x-feature-box-graphic-inner circle\" style=\"font-size: 40px;\"><i class=\"x-icon-balance-scale circle\" data-x-icon-s=\"&#xf24e;\"  style=\"margin: 0 auto; border-width: 2px 2px 2px 2px; border-style: solid; border-color: hsl(0, 0%, 100%); color: #ffffff; background-color: rgb(114, 63, 85);\"><\/i><\/div><\/div><\/div><div class=\"x-feature-box-content \"><h4 class=\"x-feature-box-title\" style=\"color: hsl(0, 0%, 100%);\">Resoluci\u00f3n 035 ASJDI - 2022<\/h4><p class=\"x-feature-box-text\"> <a href=\"https:\/\/www.inversionessanjuan.gov.ar\/wp-content\/uploads\/2022\/04\/Resolucion-035-ASJDI-2022.pdf\" title=\"Bajar Archivo\" target=\"_blank\" rel=\"\" style=\"color: hsl(0, 0%, 100%);\">Bajar Archivo<\/a><\/p><\/div><\/li><li  class=\"x-feature-box left-text top-text cf\" style=\" max-width: none;\" data-x-element=\"feature_box\" data-x-params=\"{&quot;child&quot;:true,&quot;graphicAnimation&quot;:&quot;none&quot;,&quot;connectorAnimation&quot;:&quot;none&quot;,&quot;alignH&quot;:&quot;left&quot;,&quot;alignV&quot;:&quot;top&quot;}\"><span class=\"x-feature-box-connector full\" style=\"font-size: 40px; left: 0; right: calc(100% - 40px); border-left: 1px dashed hsl(0, 0%, 100%);\"><\/span><div class=\"x-feature-box-graphic circle \"><div class=\"x-feature-box-graphic-outer circle\" style=\" margin-right: 20px;\"><div class=\"x-feature-box-graphic-inner circle\" style=\"font-size: 40px;\"><i class=\"x-icon-balance-scale circle\" data-x-icon-s=\"&#xf24e;\"  style=\"margin: 0 auto; border-width: 2px 2px 2px 2px; border-style: solid; border-color: hsl(0, 0%, 100%); color: #ffffff; background-color: rgb(114, 63, 85);\"><\/i><\/div><\/div><\/div><div class=\"x-feature-box-content \"><h4 class=\"x-feature-box-title\" style=\"color: hsl(0, 0%, 100%);\">Resoluci\u00f3n 004 ASJDI - 2025<\/h4><p class=\"x-feature-box-text\"> <a href=\"http:\/\/www.inversionessanjuan.gov.ar\/wp-content\/uploads\/2025\/02\/Resolucion-Nro-004-ASJDI-2025-2.pdf\" title=\"Bajar Archivo\" target=\"_blank\" rel=\"\" style=\"color: hsl(0, 0%, 100%);\">Bajar Archivo<\/a><\/p><\/div><\/li><\/ul><div class=\"x-text x-text-headline e1154-e24 mw2-l mw2-m\"><div class=\"x-text-content\"><div class=\"x-text-content-text\"><h1 class=\"x-text-content-text-primary\">CIRCULARES<\/h1><\/div><\/div><\/div><ul  class=\"x-feature-list\"  data-x-element=\"feature_list\" data-x-params=\"{&quot;animationOffset&quot;:&quot;50&quot;,&quot;animationDelayInitial&quot;:&quot;0&quot;,&quot;animationDelayBetween&quot;:&quot;300&quot;}\"><li  class=\"x-feature-box left-text top-text cf\" style=\" max-width: none;\" data-x-element=\"feature_box\" data-x-params=\"{&quot;child&quot;:true,&quot;graphicAnimation&quot;:&quot;none&quot;,&quot;connectorAnimation&quot;:&quot;none&quot;,&quot;alignH&quot;:&quot;left&quot;,&quot;alignV&quot;:&quot;top&quot;}\"><span class=\"x-feature-box-connector full\" style=\"font-size: 40px; left: 0; right: calc(100% - 40px); border-left: 1px dashed hsl(0, 0%, 100%);\"><\/span><div class=\"x-feature-box-graphic circle \"><div class=\"x-feature-box-graphic-outer circle\" style=\" margin-right: 20px;\"><div class=\"x-feature-box-graphic-inner circle\" style=\"font-size: 40px;\"><i class=\"x-icon-balance-scale circle\" data-x-icon-s=\"&#xf24e;\"  style=\"margin: 0 auto; border-width: 2px 2px 2px 2px; border-style: solid; border-color: ; color: #ffffff; background-color: rgb(114, 63, 85);\"><\/i><\/div><\/div><\/div><div class=\"x-feature-box-content \"><h4 class=\"x-feature-box-title\" style=\"color: hsl(0, 0%, 100%);\">Circular 1<\/h4><p class=\"x-feature-box-text\" style=\"color: transparent;\"> <a href=\"https:\/\/www.inversionessanjuan.gov.ar\/wp-content\/uploads\/2022\/04\/20220408130258389.pdf\" title=\"Bajar Archivo\" target=\"_blank\" rel=\"\" style=\"color: hsl(0, 0%, 100%);\">Bajar Archivo<\/a><\/p><\/div><\/li><li  class=\"x-feature-box left-text top-text cf\" style=\" max-width: none;\" data-x-element=\"feature_box\" data-x-params=\"{&quot;child&quot;:true,&quot;graphicAnimation&quot;:&quot;none&quot;,&quot;connectorAnimation&quot;:&quot;none&quot;,&quot;alignH&quot;:&quot;left&quot;,&quot;alignV&quot;:&quot;top&quot;}\"><span class=\"x-feature-box-connector full\" style=\"font-size: 40px; left: 0; right: calc(100% - 40px); border-left: 1px dashed hsl(0, 0%, 100%);\"><\/span><div class=\"x-feature-box-graphic circle \"><div class=\"x-feature-box-graphic-outer circle\" style=\" margin-right: 20px;\"><div class=\"x-feature-box-graphic-inner circle\" style=\"font-size: 40px;\"><i class=\"x-icon-balance-scale circle\" data-x-icon-s=\"&#xf24e;\"  style=\"margin: 0 auto; border-width: 2px 2px 2px 2px; border-style: solid; border-color: hsl(0, 0%, 100%); color: #ffffff; background-color: rgb(114, 63, 85);\"><\/i><\/div><\/div><\/div><div class=\"x-feature-box-content \"><h4 class=\"x-feature-box-title\" style=\"color: hsl(0, 0%, 100%);\">Circular 2<\/h4><p class=\"x-feature-box-text\"> <a href=\"https:\/\/www.inversionessanjuan.gov.ar\/wp-content\/uploads\/2022\/04\/20220408125048868.pdf\" title=\"Bajar Archivo\" target=\"_blank\" rel=\"\" style=\"color: hsl(0, 0%, 100%);\">Bajar Archivo<\/a><\/p><\/div><\/li><li  class=\"x-feature-box left-text top-text cf\" style=\" max-width: none;\" data-x-element=\"feature_box\" data-x-params=\"{&quot;child&quot;:true,&quot;graphicAnimation&quot;:&quot;none&quot;,&quot;connectorAnimation&quot;:&quot;none&quot;,&quot;alignH&quot;:&quot;left&quot;,&quot;alignV&quot;:&quot;top&quot;}\"><span class=\"x-feature-box-connector full\" style=\"font-size: 40px; left: 0; right: calc(100% - 40px); border-left: 1px dashed hsl(0, 0%, 100%);\"><\/span><div class=\"x-feature-box-graphic circle \"><div class=\"x-feature-box-graphic-outer circle\" style=\" margin-right: 20px;\"><div class=\"x-feature-box-graphic-inner circle\" style=\"font-size: 40px;\"><i class=\"x-icon-balance-scale circle\" data-x-icon-s=\"&#xf24e;\"  style=\"margin: 0 auto; border-width: 2px 2px 2px 2px; border-style: solid; border-color: hsl(0, 0%, 100%); color: #ffffff; background-color: rgb(114, 63, 85);\"><\/i><\/div><\/div><\/div><div class=\"x-feature-box-content \"><h4 class=\"x-feature-box-title\" style=\"color: hsl(0, 0%, 100%);\">Circular 3<\/h4><p class=\"x-feature-box-text\"> <a href=\"https:\/\/www.inversionessanjuan.gov.ar\/wp-content\/uploads\/2022\/04\/Circular-Informativa-No3-2022.pdf\" title=\"Bajar Archivo\" target=\"_blank\" rel=\"\" style=\"color: hsl(0, 0%, 100%);\">Bajar Archivo<\/a><\/p><\/div><\/li><\/ul><div class=\"x-text x-text-headline e1154-e29 mw2-l mw2-m\"><div class=\"x-text-content\"><div class=\"x-text-content-text\"><h1 class=\"x-text-content-text-primary\">FORMULARIOS<\/h1><\/div><\/div><\/div><ul  class=\"x-feature-list\"  data-x-element=\"feature_list\" data-x-params=\"{&quot;animationOffset&quot;:&quot;50&quot;,&quot;animationDelayInitial&quot;:&quot;0&quot;,&quot;animationDelayBetween&quot;:&quot;300&quot;}\"><li  class=\"x-feature-box left-text top-text cf\" style=\" max-width: none;\" data-x-element=\"feature_box\" data-x-params=\"{&quot;child&quot;:true,&quot;graphicAnimation&quot;:&quot;none&quot;,&quot;connectorAnimation&quot;:&quot;none&quot;,&quot;alignH&quot;:&quot;left&quot;,&quot;alignV&quot;:&quot;top&quot;}\"><span class=\"x-feature-box-connector full\" style=\"font-size: 40px; left: 0; right: calc(100% - 40px); border-left: 1px dashed hsl(0, 0%, 100%);\"><\/span><div class=\"x-feature-box-graphic circle \"><div class=\"x-feature-box-graphic-outer circle\" style=\" margin-right: 20px;\"><div class=\"x-feature-box-graphic-inner circle\" style=\"font-size: 40px;\"><i class=\"x-icon-balance-scale circle\" data-x-icon-s=\"&#xf24e;\"  style=\"margin: 0 auto; border-width: 2px 2px 2px 2px; border-style: solid; border-color: ; color: #ffffff; background-color: rgb(114, 63, 85);\"><\/i><\/div><\/div><\/div><div class=\"x-feature-box-content \"><h4 class=\"x-feature-box-title\" style=\"color: hsl(0, 0%, 100%);\">Anexo Facturas\/Comprobantes<\/h4><p class=\"x-feature-box-text\" style=\"color: transparent;\"> <a href=\"https:\/\/www.inversionessanjuan.gov.ar\/wp-content\/uploads\/2022\/11\/ANEXO-PRESENTACION-FACTURAS-COMPROBANTES-BONO-II.xlsx\" title=\"Bajar Archivo\" target=\"_blank\" rel=\"\" style=\"color: hsl(0, 0%, 100%);\">Bajar Archivo<\/a><\/p><\/div><\/li><li  class=\"x-feature-box left-text top-text cf\" style=\" max-width: none;\" data-x-element=\"feature_box\" data-x-params=\"{&quot;child&quot;:true,&quot;graphicAnimation&quot;:&quot;none&quot;,&quot;connectorAnimation&quot;:&quot;none&quot;,&quot;alignH&quot;:&quot;left&quot;,&quot;alignV&quot;:&quot;top&quot;}\"><span class=\"x-feature-box-connector full\" style=\"font-size: 40px; left: 0; right: calc(100% - 40px); border-left: 1px dashed hsl(0, 0%, 100%);\"><\/span><div class=\"x-feature-box-graphic circle \"><div class=\"x-feature-box-graphic-outer circle\" style=\" margin-right: 20px;\"><div class=\"x-feature-box-graphic-inner circle\" style=\"font-size: 40px;\"><i class=\"x-icon-balance-scale circle\" data-x-icon-s=\"&#xf24e;\"  style=\"margin: 0 auto; border-width: 2px 2px 2px 2px; border-style: solid; border-color: hsl(0, 0%, 100%); color: #ffffff; background-color: rgb(114, 63, 85);\"><\/i><\/div><\/div><\/div><div class=\"x-feature-box-content \"><h4 class=\"x-feature-box-title\" style=\"color: hsl(0, 0%, 100%);\">Formulario de Revisi\u00f3n<\/h4><p class=\"x-feature-box-text\"> <a href=\"https:\/\/www.inversionessanjuan.gov.ar\/wp-content\/uploads\/2022\/11\/SOLICITUD-DE-REVISION-CONTRAP.-y-P.A-SEMESTRES-BONO-II.docx\" title=\"Bajar Archivo\" target=\"_blank\" rel=\"\" style=\"color: hsl(0, 0%, 100%);\">Bajar Archivo<\/a><\/p><\/div><\/li><li  class=\"x-feature-box left-text top-text cf\" style=\" max-width: none;\" data-x-element=\"feature_box\" data-x-params=\"{&quot;child&quot;:true,&quot;graphicAnimation&quot;:&quot;none&quot;,&quot;connectorAnimation&quot;:&quot;none&quot;,&quot;alignH&quot;:&quot;left&quot;,&quot;alignV&quot;:&quot;top&quot;}\"><span class=\"x-feature-box-connector full\" style=\"font-size: 40px; left: 0; right: calc(100% - 40px); border-left: 1px dashed hsl(0, 0%, 100%);\"><\/span><div class=\"x-feature-box-graphic circle \"><div class=\"x-feature-box-graphic-outer circle\" style=\" margin-right: 20px;\"><div class=\"x-feature-box-graphic-inner circle\" style=\"font-size: 40px;\"><i class=\"x-icon-balance-scale circle\" data-x-icon-s=\"&#xf24e;\"  style=\"margin: 0 auto; border-width: 2px 2px 2px 2px; border-style: solid; border-color: hsl(0, 0%, 100%); color: #ffffff; background-color: rgb(114, 63, 85);\"><\/i><\/div><\/div><\/div><div class=\"x-feature-box-content \"><h4 class=\"x-feature-box-title\" style=\"color: hsl(0, 0%, 100%);\">Solicitud Puesta en Marcha y DDJJ<\/h4><p class=\"x-feature-box-text\"> <a href=\"https:\/\/www.inversionessanjuan.gov.ar\/wp-content\/uploads\/2023\/04\/SOLICITUD-PUESTA-EN-MARCHA-Y-DDJJ-OPERACION.docx\" title=\"Bajar Archivo\" target=\"_blank\" rel=\"\" style=\"color: hsl(0, 0%, 100%);\">Bajar Archivo<\/a><\/p><\/div><\/li><\/ul><\/div><\/div><\/div><\/div><div class=\"x-section e1154-e34 mw2-0 mw2-2\"><div class=\"x-row e1154-e35 mw2-4 mw2-6 mw2-7 mw2-9 mw2-d\"><div class=\"x-row-inner\"><div class=\"x-col e1154-e36 mw2-e mw2-f mw2-g\"><a class=\"x-anchor x-anchor-button has-int-content e1154-e37 mw2-s mw2-t\" tabindex=\"0\" href=\"https:\/\/forms.gle\/7H9Wysgad8c4TboD9\"><div class=\"x-anchor-content x-anchor-content-out-slide-bottom-in-scale-up\"><div class=\"x-anchor-text\"><span class=\"x-anchor-text-primary\">Necesita Informaci\u00f3n<br><strong>Adicional?<\/strong><\/span><\/div><\/div><div class=\"x-anchor-content x-anchor-content-out-slide-bottom-in-scale-up is-int\"><div class=\"x-anchor-text\"><div class=\"x-anchor-text-primary\">Cont\u00e1ctenos!<\/div><div class=\"x-anchor-text-secondary\">Lo asesoraremos personalmente.<\/div><\/div><\/div><\/a><\/div><\/div><\/div><\/div><span data-x-element-responsive-text=\"{&quot;selector&quot;:&quot;.h-responsive&quot;,&quot;compression&quot;:&quot;1.0&quot;,&quot;minFontSize&quot;:&quot;11px&quot;,&quot;maxFontSize&quot;:&quot;96&quot;}\" class=\"e1154-e38\"><\/span><\/div>\n","protected":false},"excerpt":{"rendered":"<p>Apoyo a la Inversi\u00f3n Privada Incentivos Fiscales Programa de Apoyo a la Inversi\u00f3n Privada en la Provincia de San Juan Ley Provincial N\u00b0 2270-JEl Programa de Apoyo a la Inversi\u00f3n Privada en la Provincia de San Juan es instituido por Ley Provincial N\u00b0 2270-J y tiene por finalidad la creaci\u00f3n de empleo de calidad e inclusivo y el desarrollo productivo &#8230; <\/p>\n<div><a href=\"https:\/\/www.inversionessanjuan.gov.ar\/?page_id=1154\" class=\"more-link\">Read More<\/a><\/div>\n","protected":false},"author":1,"featured_media":0,"parent":0,"menu_order":0,"comment_status":"closed","ping_status":"closed","template":"template-blank-4.php","meta":{"footnotes":""},"_links":{"self":[{"href":"https:\/\/www.inversionessanjuan.gov.ar\/index.php?rest_route=\/wp\/v2\/pages\/1154"}],"collection":[{"href":"https:\/\/www.inversionessanjuan.gov.ar\/index.php?rest_route=\/wp\/v2\/pages"}],"about":[{"href":"https:\/\/www.inversionessanjuan.gov.ar\/index.php?rest_route=\/wp\/v2\/types\/page"}],"author":[{"embeddable":true,"href":"https:\/\/www.inversionessanjuan.gov.ar\/index.php?rest_route=\/wp\/v2\/users\/1"}],"replies":[{"embeddable":true,"href":"https:\/\/www.inversionessanjuan.gov.ar\/index.php?rest_route=%2Fwp%2Fv2%2Fcomments&post=1154"}],"version-history":[{"count":30,"href":"https:\/\/www.inversionessanjuan.gov.ar\/index.php?rest_route=\/wp\/v2\/pages\/1154\/revisions"}],"predecessor-version":[{"id":1906,"href":"https:\/\/www.inversionessanjuan.gov.ar\/index.php?rest_route=\/wp\/v2\/pages\/1154\/revisions\/1906"}],"wp:attachment":[{"href":"https:\/\/www.inversionessanjuan.gov.ar\/index.php?rest_route=%2Fwp%2Fv2%2Fmedia&parent=1154"}],"curies":[{"name":"wp","href":"https:\/\/api.w.org\/{rel}","templated":true}]}}