{"id":1369,"date":"2022-04-26T19:58:27","date_gmt":"2022-04-26T22:58:27","guid":{"rendered":"https:\/\/www.inversionessanjuan.gov.ar\/?page_id=1369"},"modified":"2022-08-24T13:14:27","modified_gmt":"2022-08-24T16:14:27","slug":"casos-de-exito","status":"publish","type":"page","link":"https:\/\/www.inversionessanjuan.gov.ar\/?page_id=1369","title":{"rendered":"Casos de \u00e9xito"},"content":{"rendered":"<div id=\"cs-content\" class=\"cs-content\"><\/div>\n","protected":false},"excerpt":{"rendered":"<p>Casos de \u00c9xitoIncentivos FiscalesArgentina SolarArgentina Solar es una f\u00e1brica de termotanques y calefones solares para equipar viviendas e industrias cuyo proyecto fue apoyado por el Programa de Incentivos Fiscales que ejecuta la Agencia de Inversiones. Es una moderna planta que apuesta a la fabricaci\u00f3n sustentable basada en la implementaci\u00f3n de energ\u00edas limpias y econ\u00f3micamente viables para el mercado local. El &#8230; <\/p>\n<div><a href=\"https:\/\/www.inversionessanjuan.gov.ar\/?page_id=1369\" class=\"more-link\">Read More<\/a><\/div>\n","protected":false},"author":1,"featured_media":0,"parent":0,"menu_order":0,"comment_status":"closed","ping_status":"closed","template":"template-blank-4.php","meta":{"footnotes":""},"_links":{"self":[{"href":"https:\/\/www.inversionessanjuan.gov.ar\/index.php?rest_route=\/wp\/v2\/pages\/1369"}],"collection":[{"href":"https:\/\/www.inversionessanjuan.gov.ar\/index.php?rest_route=\/wp\/v2\/pages"}],"about":[{"href":"https:\/\/www.inversionessanjuan.gov.ar\/index.php?rest_route=\/wp\/v2\/types\/page"}],"author":[{"embeddable":true,"href":"https:\/\/www.inversionessanjuan.gov.ar\/index.php?rest_route=\/wp\/v2\/users\/1"}],"replies":[{"embeddable":true,"href":"https:\/\/www.inversionessanjuan.gov.ar\/index.php?rest_route=%2Fwp%2Fv2%2Fcomments&post=1369"}],"version-history":[{"count":20,"href":"https:\/\/www.inversionessanjuan.gov.ar\/index.php?rest_route=\/wp\/v2\/pages\/1369\/revisions"}],"predecessor-version":[{"id":1589,"href":"https:\/\/www.inversionessanjuan.gov.ar\/index.php?rest_route=\/wp\/v2\/pages\/1369\/revisions\/1589"}],"wp:attachment":[{"href":"https:\/\/www.inversionessanjuan.gov.ar\/index.php?rest_route=%2Fwp%2Fv2%2Fmedia&parent=1369"}],"curies":[{"name":"wp","href":"https:\/\/api.w.org\/{rel}","templated":true}]}}