{"id":1521,"date":"2022-08-08T09:20:43","date_gmt":"2022-08-08T12:20:43","guid":{"rendered":"https:\/\/www.inversionessanjuan.gov.ar\/?page_id=1521"},"modified":"2024-09-06T11:35:47","modified_gmt":"2024-09-06T14:35:47","slug":"argentina-proyecta","status":"publish","type":"page","link":"https:\/\/www.inversionessanjuan.gov.ar\/?page_id=1521","title":{"rendered":"Argentina Proyecta"},"content":{"rendered":"<div id=\"cs-content\" class=\"cs-content\"><div class=\"x-section e1521-e1 m169-0 m169-1\"><div class=\"x-bg\" aria-hidden=\"true\" style=\"border-radius: inherit inherit 100px inherit;\"><div class=\"x-bg-layer-lower-image\" data-x-element-bg-layer=\"{&quot;parallaxSize&quot;:&quot;150%&quot;,&quot;parallaxDir&quot;:&quot;v&quot;,&quot;parallaxRev&quot;:false}\"><\/div><\/div><div class=\"x-row x-container max width e1521-e2 m169-4 m169-5 m169-6 m169-9 m169-a\"><div class=\"x-row-inner\"><div class=\"x-col e1521-e3 m169-e m169-f m169-g m169-h\"><div class=\"x-text x-text-headline e1521-e4 m169-k\"><div class=\"x-text-content\"><div class=\"x-text-content-text\"><h1 class=\"x-text-content-text-primary\">Argentina <strong>Proyecta<\/strong><\/h1><\/div><\/div><\/div><\/div><\/div><\/div><\/div><div class=\"x-section e1521-e5 m169-0 m169-2 m169-3\"><span class=\"x-separator-top-angle-in\" style=\"top: 0px; height: 70px; color: rgb(255, 255, 255);\" aria-hidden=\"true\"><svg class=\"angle-top-in\" style=\"fill: currentColor;\" xmlns=\"http:\/\/www.w3.org\/2000\/svg\" version=\"1.1\" viewBox=\"0 0 100 100\" preserveAspectRatio=\"none\"><polygon points=\"0,100 50,100 0,0\"\/><polygon points=\"50,100 100,100 100,0\"\/><\/svg><\/span><div class=\"x-bg\" aria-hidden=\"true\"><div class=\"x-bg-layer-lower-image\"><\/div><\/div><div class=\"x-row x-container max width e1521-e6 m169-4 m169-6 m169-7 m169-9 m169-b\"><div class=\"x-row-inner\"><div class=\"x-col e1521-e7 m169-e m169-f m169-g\"><hr class=\"x-line e1521-e8 m169-l\"><\/hr><\/div><\/div><\/div><div class=\"x-row e1521-e9 m169-4 m169-7 m169-8 m169-c\"><div class=\"x-row-inner\"><div class=\"x-col e1521-e10 m169-e m169-i\"><div class=\"x-text x-content e1521-e11 m169-m m169-n\"><h5 style=\"text-align: justify;\">Programa Argentina Proyecta<\/h5><\/div><div class=\"x-text x-content e1521-e12 m169-m m169-o\"><p>La Agencia de Inversiones San Juan y la Agencia Argentina de Inversiones y Comercio Internacional invitan a las Peque\u00f1as y Medianas Empresas (PyMES) a participar del programa Argentina Proyecta. <br \/>\nEl Programa Argentina Proyecta busca asistir a las PyMES en la formulaci\u00f3n de proyectos de inversi\u00f3n privada, facilitando as\u00ed la vinculaci\u00f3n con las contrapartes m\u00e1s apropiadas, la promoci\u00f3n de alianzas estrat\u00e9gicas e impulsando las inversiones productivas del pa\u00eds.<\/p>\n<p><strong>a<\/strong>) Objetivo Estrat\u00e9gico: promover el desarrollo de una cultura de sustentabilidad empresarial en la Provincia de San Juan.<br \/>\n<strong>b<\/strong>) Objetivo Espec\u00edfico: El programa busca seleccionar a 40 PyMES con ideas o proyectos de inversi\u00f3n radicados en la provincia de San Juan con impacto ambiental positivo para brindarles asistencia t\u00e9cnica especializada en la formulaci\u00f3n de sus proyectos. El objetivo es fortalecer las capacidades de las empresas para que puedan concretar sus inversiones y contribuir al desarrollo sostenible de la provincia. A las PyMES seleccionadas se les asignar\u00e1 un asistente t\u00e9cnico, profesional en la materia, seleccionado por la Agencia de Inversiones y Comercio Internacional, para asesorarlas en la formulaci\u00f3n de proyectos de inversi\u00f3n privada radicados en la provincia con impacto ambiental positivo.<\/p>\n<p>Haga click para obtener Informaci\u00f3n adicional e inscripci\u00f3n permanente:<\/p><\/div><a class=\"x-anchor x-anchor-button has-graphic e1521-e13 m169-p m169-q\" tabindex=\"0\" href=\"https:\/\/docs.google.com\/forms\/d\/e\/1FAIpQLSc09VF05avqSJKLIMhs8oFRDFQAdztqPl-T28TO24bdtQFrFw\/viewform\" target=\"_blank\"><div class=\"x-anchor-content\"><span class=\"x-graphic\" aria-hidden=\"true\"><i class=\"x-icon x-graphic-child x-graphic-icon x-graphic-primary\" aria-hidden=\"true\" data-x-icon-l=\"&#xf25a;\"><\/i><\/span><div class=\"x-anchor-text\"><span class=\"x-anchor-text-primary\"><span style=\"color: #ffffff;\">Inscripciones<\/span><\/span><\/div><\/div><\/a><\/div><div class=\"x-col e1521-e14 m169-e m169-f m169-h m169-j\"><div class=\"x-bg\" aria-hidden=\"true\"><div class=\"x-bg-layer-lower-color\" style=\" background-color: rgb(255, 255, 255);\"><\/div><div class=\"x-bg-layer-upper-color\" style=\" background-color: rgba(255, 255, 255, 0.3);\"><\/div><\/div><span class=\"x-image e1521-e15 m169-s m169-t\"><img decoding=\"async\" src=\"https:\/\/www.inversionessanjuan.gov.ar\/wp-content\/uploads\/2024\/09\/Proyectos-de-Inversion.pdf.png\" width=\"528\" height=\"408\" alt=\"Image\" loading=\"lazy\"><\/span><span class=\"x-image e1521-e16 m169-s m169-u\"><img decoding=\"async\" src=\"https:\/\/www.inversionessanjuan.gov.ar\/wp-content\/uploads\/2022\/08\/logo-header-aaici-ar-2021-color.png\" width=\"528\" height=\"67\" alt=\"Image\" loading=\"lazy\"><\/span><span class=\"x-image e1521-e17 m169-s m169-u\"><img decoding=\"async\" src=\"https:\/\/www.inversionessanjuan.gov.ar\/wp-content\/uploads\/2022\/08\/2020minrelacionesexte-03.png\" width=\"199\" height=\"49\" alt=\"Image\" loading=\"lazy\"><\/span><\/div><\/div><\/div><\/div><div class=\"x-section e1521-e18 m169-0 m169-2\"><div class=\"x-row e1521-e19 m169-4 m169-6 m169-7 m169-9 m169-d\"><div class=\"x-row-inner\"><div class=\"x-col e1521-e20 m169-e m169-f m169-g\"><a class=\"x-anchor x-anchor-button has-int-content e1521-e21 m169-q m169-r\" tabindex=\"0\" href=\"https:\/\/forms.gle\/7H9Wysgad8c4TboD9\"><div class=\"x-anchor-content x-anchor-content-out-slide-bottom-in-scale-up\"><div class=\"x-anchor-text\"><span class=\"x-anchor-text-primary\">Necesita Informaci\u00f3n<br><strong>Adicional?<\/strong><\/span><\/div><\/div><div class=\"x-anchor-content x-anchor-content-out-slide-bottom-in-scale-up is-int\"><div class=\"x-anchor-text\"><div class=\"x-anchor-text-primary\">Cont\u00e1ctenos!<\/div><div class=\"x-anchor-text-secondary\">Lo asesoraremos personalmente.<\/div><\/div><\/div><\/a><\/div><\/div><\/div><\/div><span data-x-element-responsive-text=\"{&quot;selector&quot;:&quot;.h-responsive&quot;,&quot;compression&quot;:&quot;1.0&quot;,&quot;minFontSize&quot;:&quot;11px&quot;,&quot;maxFontSize&quot;:&quot;96&quot;}\" class=\"e1521-e22\"><\/span><\/div>\n","protected":false},"excerpt":{"rendered":"<p>Argentina ProyectaPrograma Argentina ProyectaLa Agencia de Inversiones San Juan y la Agencia Argentina de Inversiones y Comercio Internacional invitan a las Peque\u00f1as y Medianas Empresas (PyMES) a participar del programa Argentina Proyecta. El Programa Argentina Proyecta busca asistir a las PyMES en la formulaci\u00f3n de proyectos de inversi\u00f3n privada, facilitando as\u00ed la vinculaci\u00f3n con las contrapartes m\u00e1s apropiadas, la promoci\u00f3n &#8230; <\/p>\n<div><a href=\"https:\/\/www.inversionessanjuan.gov.ar\/?page_id=1521\" class=\"more-link\">Read More<\/a><\/div>\n","protected":false},"author":1,"featured_media":0,"parent":0,"menu_order":0,"comment_status":"closed","ping_status":"closed","template":"template-blank-4.php","meta":{"footnotes":""},"_links":{"self":[{"href":"https:\/\/www.inversionessanjuan.gov.ar\/index.php?rest_route=\/wp\/v2\/pages\/1521"}],"collection":[{"href":"https:\/\/www.inversionessanjuan.gov.ar\/index.php?rest_route=\/wp\/v2\/pages"}],"about":[{"href":"https:\/\/www.inversionessanjuan.gov.ar\/index.php?rest_route=\/wp\/v2\/types\/page"}],"author":[{"embeddable":true,"href":"https:\/\/www.inversionessanjuan.gov.ar\/index.php?rest_route=\/wp\/v2\/users\/1"}],"replies":[{"embeddable":true,"href":"https:\/\/www.inversionessanjuan.gov.ar\/index.php?rest_route=%2Fwp%2Fv2%2Fcomments&post=1521"}],"version-history":[{"count":4,"href":"https:\/\/www.inversionessanjuan.gov.ar\/index.php?rest_route=\/wp\/v2\/pages\/1521\/revisions"}],"predecessor-version":[{"id":1899,"href":"https:\/\/www.inversionessanjuan.gov.ar\/index.php?rest_route=\/wp\/v2\/pages\/1521\/revisions\/1899"}],"wp:attachment":[{"href":"https:\/\/www.inversionessanjuan.gov.ar\/index.php?rest_route=%2Fwp%2Fv2%2Fmedia&parent=1521"}],"curies":[{"name":"wp","href":"https:\/\/api.w.org\/{rel}","templated":true}]}}