{"id":1699,"date":"2023-03-14T10:38:49","date_gmt":"2023-03-14T13:38:49","guid":{"rendered":"https:\/\/www.inversionessanjuan.gov.ar\/?page_id=1699"},"modified":"2024-09-06T08:45:13","modified_gmt":"2024-09-06T11:45:13","slug":"kick-off-3-reportes-de-sustentabilidad","status":"publish","type":"page","link":"https:\/\/www.inversionessanjuan.gov.ar\/?page_id=1699","title":{"rendered":"kick off 3 Reportes de Sustentabilidad"},"content":{"rendered":"<div id=\"cs-content\" class=\"cs-content\"><div class=\"x-section e1699-e1 m1b7-0 m1b7-1\"><div class=\"x-bg\" aria-hidden=\"true\" style=\"border-radius: inherit inherit 100px inherit;\"><div class=\"x-bg-layer-lower-image\" data-x-element-bg-layer=\"{&quot;parallaxSize&quot;:&quot;150%&quot;,&quot;parallaxDir&quot;:&quot;v&quot;,&quot;parallaxRev&quot;:false}\"><\/div><\/div><div class=\"x-row x-container max width e1699-e2 m1b7-4 m1b7-5 m1b7-6 m1b7-9 m1b7-a\"><div class=\"x-row-inner\"><div class=\"x-col e1699-e3 m1b7-e m1b7-f m1b7-g m1b7-h\"><div class=\"x-text x-text-headline e1699-e4 m1b7-k\"><div class=\"x-text-content\"><div class=\"x-text-content-text\"><h1 class=\"x-text-content-text-primary\">Kick <strong>Off<\/strong><\/h1><\/div><\/div><\/div><\/div><\/div><\/div><\/div><div class=\"x-section e1699-e5 m1b7-0 m1b7-2 m1b7-3\"><span class=\"x-separator-top-angle-in\" style=\"top: 0px; height: 70px; color: rgb(255, 255, 255);\" aria-hidden=\"true\"><svg class=\"angle-top-in\" style=\"fill: currentColor;\" xmlns=\"http:\/\/www.w3.org\/2000\/svg\" version=\"1.1\" viewBox=\"0 0 100 100\" preserveAspectRatio=\"none\"><polygon points=\"0,100 50,100 0,0\"\/><polygon points=\"50,100 100,100 100,0\"\/><\/svg><\/span><div class=\"x-bg\" aria-hidden=\"true\"><div class=\"x-bg-layer-lower-image\"><\/div><\/div><div class=\"x-row x-container max width e1699-e6 m1b7-4 m1b7-6 m1b7-7 m1b7-9 m1b7-b\"><div class=\"x-row-inner\"><div class=\"x-col e1699-e7 m1b7-e m1b7-f m1b7-g\"><hr class=\"x-line e1699-e8 m1b7-l m1b7-m\"><\/hr><\/div><\/div><\/div><div class=\"x-row e1699-e9 m1b7-4 m1b7-7 m1b7-8 m1b7-c\"><div class=\"x-row-inner\"><div class=\"x-col e1699-e10 m1b7-e m1b7-i\"><div class=\"x-text x-content e1699-e11 m1b7-o m1b7-p m1b7-q\"><h5 style=\"text-align: justify;\">Asistencia T&eacute;cnica y Desarrollo de Capacidades Empresariales en Elaboraci&oacute;n de Reportes de Sustentabilidad<\/h5><\/div><div class=\"x-text x-content e1699-e12 m1b7-o m1b7-p m1b7-r\"><p>Este programa cuenta con el apoyo del Programa de Naciones Unidas para el Desarrollo, Pacto<br \/>\nGlobal Argentina y es llevado adelante por la Agencia de Inversiones de San Juan.<br \/>\nBusca motivar a las empresas de la provincia a comprometerse con el proceso de rendici\u00f3n de<br \/>\ncuentas y transparencia y que con ello puedan identificar, medir, gestionar y comunicar los<br \/>\naportes e impactos en sostenibilidad, y sumar valor a su operaci\u00f3n, fortaleciendo la relaci\u00f3n con<br \/>\nsus compradores y otros grupos de inter\u00e9s.<br \/>\n<br \/>\n<strong>Caracter\u00edsticas<\/strong><br \/>\n-\u00a0 8 sesiones Te\u00f3ricas\/Pr\u00e1cticas + c\u00e1psulas de Pacto Global<br \/>\n-\u00a0 Participaci\u00f3n por empresa: 1 coordinador + otros por temas espec\u00edficos.<br \/>\n-\u00a0 Instrucciones sobre Est\u00e1ndares e Indicadores a completar<br \/>\n-\u00a0 Sesiones de orientaci\u00f3n sobre la metodolog\u00eda de elaboraci\u00f3n de Reportes<br \/>\n-\u00a0 Casos pr\u00e1cticos y ejemplos de orientaci\u00f3n<br \/>\n-\u00a0 Trabajo directo sobre el Reporte de la Empresa<br \/>\n-\u00a0 La empresa participante busca y releva la informaci\u00f3n correspondiente<br \/>\n-\u00a0 Producto final: Reporte de Sostenibilidad<\/p><\/div><\/div><div class=\"x-col e1699-e13 m1b7-e m1b7-f m1b7-h m1b7-j\"><div class=\"x-bg\" aria-hidden=\"true\"><div class=\"x-bg-layer-lower-color\" style=\" background-color: rgb(255, 255, 255);\"><\/div><div class=\"x-bg-layer-upper-color\" style=\" background-color: rgba(255, 255, 255, 0.3);\"><\/div><\/div><div class=\"x-frame x-frame-video-player e1699-e14 m1b7-t m1b7-u\"><div class=\"x-frame-inner\"><div class=\"x-video x-video-player youtube\" data-x-element-mejs=\"{&quot;poster&quot;:&quot;&quot;,&quot;options&quot;:{&quot;pause_out_of_view&quot;:false}}\"><video class=\"x-mejs\" poster=\"\" preload=\"metadata\" options=\"\"><source src=\"https:\/\/youtu.be\/qQksx62wmOc\" type=\"video\/youtube\"><\/video><\/div><\/div><\/div><hr class=\"x-line e1699-e15 m1b7-m m1b7-n\"><\/hr><div class=\"x-text x-content e1699-e16 m1b7-o m1b7-q m1b7-s\"><h5 style=\"text-align: center;\">Participantes 3<sup>era\u00a0<\/sup>Edici\u00f3n<\/h5><\/div><span class=\"x-image e1699-e17 m1b7-v\"><img decoding=\"async\" src=\"https:\/\/www.inversionessanjuan.gov.ar\/wp-content\/uploads\/2024\/09\/Diseno-sin-titulo-12.png\" alt=\"Image\" loading=\"lazy\"><\/span><\/div><\/div><\/div><\/div><div class=\"x-section e1699-e18 m1b7-0 m1b7-2\"><div class=\"x-row e1699-e19 m1b7-4 m1b7-6 m1b7-7 m1b7-9 m1b7-d\"><div class=\"x-row-inner\"><div class=\"x-col e1699-e20 m1b7-e m1b7-f m1b7-g\"><a class=\"x-anchor x-anchor-button has-int-content e1699-e21 m1b7-w\" tabindex=\"0\" href=\"https:\/\/forms.gle\/7H9Wysgad8c4TboD9\"><div class=\"x-anchor-content x-anchor-content-out-slide-bottom-in-scale-up\"><div class=\"x-anchor-text\"><span class=\"x-anchor-text-primary\">Necesita Informaci\u00f3n<br><strong>Adicional?<\/strong><\/span><\/div><\/div><div class=\"x-anchor-content x-anchor-content-out-slide-bottom-in-scale-up is-int\"><div class=\"x-anchor-text\"><div class=\"x-anchor-text-primary\">Cont\u00e1ctenos!<\/div><div class=\"x-anchor-text-secondary\">Lo asesoraremos personalmente.<\/div><\/div><\/div><\/a><\/div><\/div><\/div><\/div><span data-x-element-responsive-text=\"{&quot;selector&quot;:&quot;.h-responsive&quot;,&quot;compression&quot;:&quot;1.0&quot;,&quot;minFontSize&quot;:&quot;11px&quot;,&quot;maxFontSize&quot;:&quot;96&quot;}\" class=\"e1699-e22\"><\/span><\/div>\n","protected":false},"excerpt":{"rendered":"<p>Kick OffAsistencia T&eacute;cnica y Desarrollo de Capacidades Empresariales en Elaboraci&oacute;n de Reportes de SustentabilidadEste programa cuenta con el apoyo del Programa de Naciones Unidas para el Desarrollo, Pacto Global Argentina y es llevado adelante por la Agencia de Inversiones de San Juan. Busca motivar a las empresas de la provincia a comprometerse con el proceso de rendici\u00f3n de cuentas y &#8230; <\/p>\n<div><a href=\"https:\/\/www.inversionessanjuan.gov.ar\/?page_id=1699\" class=\"more-link\">Read More<\/a><\/div>\n","protected":false},"author":1,"featured_media":0,"parent":0,"menu_order":0,"comment_status":"closed","ping_status":"closed","template":"template-blank-4.php","meta":{"footnotes":""},"_links":{"self":[{"href":"https:\/\/www.inversionessanjuan.gov.ar\/index.php?rest_route=\/wp\/v2\/pages\/1699"}],"collection":[{"href":"https:\/\/www.inversionessanjuan.gov.ar\/index.php?rest_route=\/wp\/v2\/pages"}],"about":[{"href":"https:\/\/www.inversionessanjuan.gov.ar\/index.php?rest_route=\/wp\/v2\/types\/page"}],"author":[{"embeddable":true,"href":"https:\/\/www.inversionessanjuan.gov.ar\/index.php?rest_route=\/wp\/v2\/users\/1"}],"replies":[{"embeddable":true,"href":"https:\/\/www.inversionessanjuan.gov.ar\/index.php?rest_route=%2Fwp%2Fv2%2Fcomments&post=1699"}],"version-history":[{"count":4,"href":"https:\/\/www.inversionessanjuan.gov.ar\/index.php?rest_route=\/wp\/v2\/pages\/1699\/revisions"}],"predecessor-version":[{"id":1897,"href":"https:\/\/www.inversionessanjuan.gov.ar\/index.php?rest_route=\/wp\/v2\/pages\/1699\/revisions\/1897"}],"wp:attachment":[{"href":"https:\/\/www.inversionessanjuan.gov.ar\/index.php?rest_route=%2Fwp%2Fv2%2Fmedia&parent=1699"}],"curies":[{"name":"wp","href":"https:\/\/api.w.org\/{rel}","templated":true}]}}