{"id":1755,"date":"2023-10-12T09:57:17","date_gmt":"2023-10-12T12:57:17","guid":{"rendered":"https:\/\/www.inversionessanjuan.gov.ar\/?page_id=1755"},"modified":"2023-11-07T12:25:38","modified_gmt":"2023-11-07T15:25:38","slug":"argentina-impacta-2023","status":"publish","type":"page","link":"https:\/\/www.inversionessanjuan.gov.ar\/?page_id=1755","title":{"rendered":"Argentina Impacta 2023"},"content":{"rendered":"<div id=\"cs-content\" class=\"cs-content\"><\/div>\n","protected":false},"excerpt":{"rendered":"<p>Argentina Impacta\u201cPotenciando el ecosistema sostenible. Avanzando hacia los ODS a trav\u00e9s de la inversi\u00f3n privada\u201d Jueves 9 de Noviembre&nbsp;8:30 hs.: Acreditaci&oacute;nSal\u00f3n Auditorio Emar Acosta Laprida Oeste 923\u2013 Capital \u2013 San Juan A qui\u00e9nes estamos convocando? Profesionales, empresarios, productores, representantes del mundo acad\u00e9mico, funcionarios p\u00fablicos, ONG\u00b4s, trabajadores, j\u00f3venes y agentes de cambio en general de la regi\u00f3n, que se atrevan a &#8230; <\/p>\n<div><a href=\"https:\/\/www.inversionessanjuan.gov.ar\/?page_id=1755\" class=\"more-link\">Read More<\/a><\/div>\n","protected":false},"author":1,"featured_media":0,"parent":0,"menu_order":0,"comment_status":"closed","ping_status":"closed","template":"template-blank-4.php","meta":{"footnotes":""},"_links":{"self":[{"href":"https:\/\/www.inversionessanjuan.gov.ar\/index.php?rest_route=\/wp\/v2\/pages\/1755"}],"collection":[{"href":"https:\/\/www.inversionessanjuan.gov.ar\/index.php?rest_route=\/wp\/v2\/pages"}],"about":[{"href":"https:\/\/www.inversionessanjuan.gov.ar\/index.php?rest_route=\/wp\/v2\/types\/page"}],"author":[{"embeddable":true,"href":"https:\/\/www.inversionessanjuan.gov.ar\/index.php?rest_route=\/wp\/v2\/users\/1"}],"replies":[{"embeddable":true,"href":"https:\/\/www.inversionessanjuan.gov.ar\/index.php?rest_route=%2Fwp%2Fv2%2Fcomments&post=1755"}],"version-history":[{"count":5,"href":"https:\/\/www.inversionessanjuan.gov.ar\/index.php?rest_route=\/wp\/v2\/pages\/1755\/revisions"}],"predecessor-version":[{"id":1762,"href":"https:\/\/www.inversionessanjuan.gov.ar\/index.php?rest_route=\/wp\/v2\/pages\/1755\/revisions\/1762"}],"wp:attachment":[{"href":"https:\/\/www.inversionessanjuan.gov.ar\/index.php?rest_route=%2Fwp%2Fv2%2Fmedia&parent=1755"}],"curies":[{"name":"wp","href":"https:\/\/api.w.org\/{rel}","templated":true}]}}