{"id":1807,"date":"2024-03-25T19:37:32","date_gmt":"2024-03-25T22:37:32","guid":{"rendered":"https:\/\/www.inversionessanjuan.gov.ar\/?page_id=1807"},"modified":"2026-02-10T09:23:52","modified_gmt":"2026-02-10T12:23:52","slug":"asistencia-tecnica-2024","status":"publish","type":"page","link":"https:\/\/www.inversionessanjuan.gov.ar\/?page_id=1807","title":{"rendered":"Asistencia T\u00e9cnica 2024"},"content":{"rendered":"<div id=\"cs-content\" class=\"cs-content\"><div class=\"x-section e1807-e1 m1e7-0 m1e7-1 m1e7-2\"><div class=\"x-bg\" aria-hidden=\"true\" style=\"border-radius: inherit inherit 100px inherit;\"><div class=\"x-bg-layer-lower-image\" data-x-element-bg-layer=\"{&quot;parallaxSize&quot;:&quot;150%&quot;,&quot;parallaxDir&quot;:&quot;v&quot;,&quot;parallaxRev&quot;:false}\"><\/div><\/div><div class=\"x-row x-container max width e1807-e2 m1e7-5 m1e7-6 m1e7-7 m1e7-8 m1e7-9 m1e7-g m1e7-h\"><div class=\"x-row-inner\"><div class=\"x-col e1807-e3 m1e7-o m1e7-p m1e7-q m1e7-r m1e7-s\"><div class=\"x-text x-text-headline e1807-e4 m1e7-w m1e7-x m1e7-y m1e7-z m1e7-10 m1e7-11 m1e7-12 m1e7-13\"><div class=\"x-text-content\"><div class=\"x-text-content-text\"><h1 class=\"x-text-content-text-primary\">Asistencia<strong>T\u00e9cnica<\/strong><\/h1><\/div><\/div><\/div><\/div><\/div><\/div><\/div><div class=\"x-section e1807-e5 m1e7-0 m1e7-1 m1e7-3\"><span class=\"x-separator-top-angle-in\" style=\"top: 0px; height: 70px; color: rgb(255, 255, 255);\" aria-hidden=\"true\"><svg class=\"angle-top-in\" style=\"fill: currentColor;\" xmlns=\"http:\/\/www.w3.org\/2000\/svg\" version=\"1.1\" viewBox=\"0 0 100 100\" preserveAspectRatio=\"none\"><polygon points=\"0,100 50,100 0,0\"\/><polygon points=\"50,100 100,100 100,0\"\/><\/svg><\/span><div class=\"x-bg\" aria-hidden=\"true\"><div class=\"x-bg-layer-lower-image\"><\/div><\/div><div class=\"x-row x-container max width e1807-e6 m1e7-5 m1e7-7 m1e7-8 m1e7-9 m1e7-a m1e7-g m1e7-i\"><div class=\"x-row-inner\"><div class=\"x-col e1807-e7 m1e7-o m1e7-p m1e7-q m1e7-r\"><hr class=\"x-line e1807-e8 m1e7-1b\"><\/hr><\/div><\/div><\/div><div class=\"x-row e1807-e9 m1e7-5 m1e7-7 m1e7-8 m1e7-a m1e7-b m1e7-j\"><div class=\"x-row-inner\"><div class=\"x-col e1807-e10 m1e7-o m1e7-q m1e7-t\"><div class=\"x-text x-text-headline e1807-e11 m1e7-x m1e7-y m1e7-z m1e7-10 m1e7-14 m1e7-15\"><div class=\"x-text-content\"><div class=\"x-text-content-text\"><h1 class=\"x-text-content-text-primary\"><span style=\"color: #000000;\">San Juan <strong>III<\/strong><\/span><\/h1><\/div><\/div><\/div><div class=\"x-text x-text-headline e1807-e12 m1e7-x m1e7-y m1e7-z m1e7-13 m1e7-15 m1e7-16 m1e7-17\"><div class=\"x-text-content\"><div class=\"x-text-content-text\"><h1 class=\"x-text-content-text-primary\"><span style=\"color: #000000;\">Programa de Cr\u00e9dito para la Reactivaci\u00f3n de la Producci\u00f3n de la Provincia de San Juan<\/span><\/h1><\/div><\/div><\/div><div class=\"x-text x-content e1807-e13 m1e7-1c m1e7-1d\"><p><strong>Objetivo general:<\/strong> contribuir a la recuperaci&oacute;n de la producci&oacute;n de la Provincia de San Juan y apoyar la sostenibilidad de las MIPYME como sost&eacute;n de empleo en la provincia.<\/p>\n<p><strong>Objetivo espec&iacute;fico:<\/strong> promover la recuperaci&oacute;n econ&oacute;mica de las MIPYME que operan en la Provincia de San Juan a trav&eacute;s de la provisi&oacute;n de financiamiento productivo.<\/p>\n<p><strong>L&iacute;nea de asistencia t&eacute;cnica:<\/strong> en el marco del &ldquo;Programa de Cr&eacute;dito para la reactivaci&oacute;n de la producci&oacute;n de la provincia de San Juan (Pr&eacute;stamo BID Nro. 5343\/ OC- A R)&rdquo; la Agencia San Juan de Desarrollo de Inversiones ofrece asistencia t&eacute;cnica, mediante Aportes No Reintegrables. Destinos:<\/p><\/div><span class=\"x-image e1807-e14 m1e7-1f\"><img decoding=\"async\" src=\"https:\/\/www.inversionessanjuan.gov.ar\/wp-content\/uploads\/2024\/05\/Diseno-sin-titulo-2.png\" width=\"960\" height=\"540\" alt=\"Image\" loading=\"lazy\"><\/span><\/div><div class=\"x-col e1807-e15 m1e7-o m1e7-p m1e7-q m1e7-s m1e7-u\"><div class=\"x-text x-text-headline e1807-e16 m1e7-w m1e7-x m1e7-y m1e7-12 m1e7-13 m1e7-17 m1e7-18\"><div class=\"x-text-content\"><div class=\"x-text-content-text\"><h1 class=\"x-text-content-text-primary\"><span style=\"color: #000000;\">MATERIAL PARA DESCARGAR<\/span><\/h1><\/div><\/div><\/div><a class=\"x-anchor x-anchor-button has-graphic e1807-e17 m1e7-1g m1e7-1h m1e7-1i\" tabindex=\"0\" href=\"http:\/\/www.inversionessanjuan.gov.ar\/wp-content\/uploads\/2024\/03\/Bases-y-Condiciones-ByC-de-la-Convocatoria-para-el-otorgamiento-del-ANR.pdf\" target=\"_blank\"><div class=\"x-anchor-content\"><span class=\"x-graphic\" aria-hidden=\"true\"><i class=\"x-icon x-graphic-child x-graphic-icon x-graphic-primary\" aria-hidden=\"true\" data-x-icon-s=\"&#xf35a;\"><\/i><\/span><div class=\"x-anchor-text\"><span class=\"x-anchor-text-primary\">Bases y Condiciones<\/span><\/div><\/div><\/a><div class=\"x-section e1807-e18 m1e7-0 m1e7-4\"><div class=\"x-row e1807-e19 m1e7-7 m1e7-8 m1e7-c m1e7-d m1e7-k\"><div class=\"x-row-inner\"><div class=\"x-col e1807-e20 m1e7-o m1e7-p m1e7-q m1e7-r\"><div class=\"x-text x-content e1807-e21 m1e7-1d m1e7-1e\"><p><strong>La empresa beneficiaria deber\u00e1 presentar la siguiente documentaci\u00f3n en<\/strong><br \/>\n<strong>original y\/o copia fiel firmada por el representante legal de la empresa<\/strong><\/p><\/div><div class=\"x-text x-text-headline e1807-e22 m1e7-w m1e7-x m1e7-12 m1e7-13 m1e7-17 m1e7-18 m1e7-19\"><div class=\"x-text-content\"><div class=\"x-text-content-text\"><h1 class=\"x-text-content-text-primary\"><span style=\"color: #000000;\">INSTANCIA DE PREADMISI&Oacute;N<\/span><\/h1><\/div><\/div><\/div><\/div><\/div><\/div><div class=\"x-row x-container max width e1807-e23 m1e7-7 m1e7-c m1e7-e m1e7-l m1e7-m\"><div class=\"x-row-inner\"><div class=\"x-col e1807-e24 m1e7-p m1e7-q m1e7-r m1e7-s m1e7-v\"><a class=\"x-anchor x-anchor-button has-graphic e1807-e25 m1e7-1g m1e7-1j\" tabindex=\"0\" href=\"http:\/\/www.inversionessanjuan.gov.ar\/wp-content\/uploads\/2024\/05\/Personas-Humanas.docx-1.pdf\" target=\"_blank\"><div class=\"x-anchor-content\"><span class=\"x-graphic\" aria-hidden=\"true\"><i class=\"x-icon x-graphic-child x-graphic-icon x-graphic-primary\" aria-hidden=\"true\" data-x-icon-s=\"&#xf4ff;\"><\/i><\/span><div class=\"x-anchor-text\"><span class=\"x-anchor-text-primary\">Persona Humana<\/span><\/div><\/div><\/a><\/div><div class=\"x-col e1807-e26 m1e7-o m1e7-p m1e7-q m1e7-r\"><a class=\"x-anchor x-anchor-button has-graphic e1807-e27 m1e7-1g m1e7-1j\" tabindex=\"0\" href=\"http:\/\/www.inversionessanjuan.gov.ar\/wp-content\/uploads\/2025\/07\/Personas-Juridicas-sitio-web-final.pdf\" target=\"_blank\"><div class=\"x-anchor-content\"><span class=\"x-graphic\" aria-hidden=\"true\"><i class=\"x-icon x-graphic-child x-graphic-icon x-graphic-primary\" aria-hidden=\"true\" data-x-icon-s=\"&#xf4ff;\"><\/i><\/span><div class=\"x-anchor-text\"><span class=\"x-anchor-text-primary\">Persona Juridica<\/span><\/div><\/div><\/a><\/div><\/div><\/div><\/div><a class=\"x-anchor x-anchor-button has-graphic e1807-e28 m1e7-1g m1e7-1i m1e7-1k\" tabindex=\"0\" href=\"http:\/\/www.inversionessanjuan.gov.ar\/wp-content\/uploads\/2024\/04\/Nota-de-presentacion-Anexo1V2.pdf\" target=\"_blank\"><div class=\"x-anchor-content\"><span class=\"x-graphic\" aria-hidden=\"true\"><i class=\"x-icon x-graphic-child x-graphic-icon x-graphic-primary\" aria-hidden=\"true\" data-x-icon-s=\"&#xf35a;\"><\/i><\/span><div class=\"x-anchor-text\"><span class=\"x-anchor-text-primary\">Anexo I<\/span><\/div><\/div><\/a><a class=\"x-anchor x-anchor-button has-graphic e1807-e29 m1e7-1g m1e7-1i m1e7-1l\" tabindex=\"0\" href=\"http:\/\/www.inversionessanjuan.gov.ar\/wp-content\/uploads\/2024\/04\/MODELO-TERMINO-DE-REFERENCIA-GASTO-ELEGIBLE.-Anexo-2-V2.pdf\" target=\"_blank\"><div class=\"x-anchor-content\"><span class=\"x-graphic\" aria-hidden=\"true\"><i class=\"x-icon x-graphic-child x-graphic-icon x-graphic-primary\" aria-hidden=\"true\" data-x-icon-s=\"&#xf35a;\"><\/i><\/span><div class=\"x-anchor-text\"><span class=\"x-anchor-text-primary\">Anexo II<\/span><\/div><\/div><\/a><a class=\"x-anchor x-anchor-button has-graphic e1807-e30 m1e7-1g m1e7-1i m1e7-1l m1e7-1m\" tabindex=\"0\" href=\"http:\/\/www.inversionessanjuan.gov.ar\/wp-content\/uploads\/2024\/07\/ejemplo-AnexoI_II-y-Presupuestos.pdf\" target=\"_blank\"><div class=\"x-anchor-content\"><span class=\"x-graphic\" aria-hidden=\"true\"><i class=\"x-icon x-graphic-child x-graphic-icon x-graphic-primary\" aria-hidden=\"true\" data-x-icon-s=\"&#xf35a;\"><\/i><\/span><div class=\"x-anchor-text\"><span class=\"x-anchor-text-primary\">EJEMPLO<\/span><span class=\"x-anchor-text-secondary\">Anexo I y II + Presupuesto<\/span><\/div><\/div><\/a><a class=\"x-anchor x-anchor-button has-graphic e1807-e31 m1e7-1g m1e7-1i m1e7-1l\" tabindex=\"0\" href=\"http:\/\/www.inversionessanjuan.gov.ar\/wp-content\/uploads\/2025\/03\/DDJJfinal2025.pdf\" target=\"_blank\"><div class=\"x-anchor-content\"><span class=\"x-graphic\" aria-hidden=\"true\"><i class=\"x-icon x-graphic-child x-graphic-icon x-graphic-primary\" aria-hidden=\"true\" data-x-icon-s=\"&#xf35a;\"><\/i><\/span><div class=\"x-anchor-text\"><span class=\"x-anchor-text-primary\">DDJJ<\/span><\/div><\/div><\/a><a class=\"x-anchor x-anchor-button has-graphic e1807-e32 m1e7-1g m1e7-1i m1e7-1l\" tabindex=\"0\" href=\"http:\/\/www.inversionessanjuan.gov.ar\/wp-content\/uploads\/2026\/02\/LISTADO-DE-FERIAS-2026-ASJDI.pdf\" target=\"_blank\"><div class=\"x-anchor-content\"><span class=\"x-graphic\" aria-hidden=\"true\"><i class=\"x-icon x-graphic-child x-graphic-icon x-graphic-primary\" aria-hidden=\"true\" data-x-icon-s=\"&#xf35a;\"><\/i><\/span><div class=\"x-anchor-text\"><span class=\"x-anchor-text-primary\">Listado de Ferias<\/span><\/div><\/div><\/a><div class=\"x-text x-text-headline e1807-e33 m1e7-x m1e7-y m1e7-z m1e7-12 m1e7-13 m1e7-15 m1e7-17 m1e7-1a\"><div class=\"x-text-content\"><div class=\"x-text-content-text\"><h1 class=\"x-text-content-text-primary\"><span style=\"color: #000000;\">INSTANCIA DE REEMBOLSO<\/span><\/h1><\/div><\/div><\/div><div class=\"x-section e1807-e34 m1e7-0 m1e7-4\"><div class=\"x-row e1807-e35 m1e7-7 m1e7-c m1e7-e m1e7-f m1e7-l m1e7-n\"><div class=\"x-row-inner\"><div class=\"x-col e1807-e36 m1e7-p m1e7-q m1e7-r m1e7-s m1e7-v\"><a class=\"x-anchor x-anchor-button has-graphic e1807-e37 m1e7-1g m1e7-1j\" tabindex=\"0\" href=\"http:\/\/www.inversionessanjuan.gov.ar\/wp-content\/uploads\/2024\/11\/Documentacion-a-Presentar11-24.pdf\" target=\"_blank\"><div class=\"x-anchor-content\"><span class=\"x-graphic\" aria-hidden=\"true\"><i class=\"x-icon x-graphic-child x-graphic-icon x-graphic-primary\" aria-hidden=\"true\" data-x-icon-s=\"&#xf15c;\"><\/i><\/span><div class=\"x-anchor-text\"><span class=\"x-anchor-text-primary\">Documentaci\u00f3n a presentar<\/span><\/div><\/div><\/a><\/div><div class=\"x-col e1807-e38 m1e7-o m1e7-p m1e7-q m1e7-r\"><a class=\"x-anchor x-anchor-button has-graphic e1807-e39 m1e7-1g m1e7-1j\" tabindex=\"0\" href=\"http:\/\/www.inversionessanjuan.gov.ar\/wp-content\/uploads\/2024\/05\/Anexo-3-Nota-solicitud-de-Reembolso-ANR.docx.pdf\" target=\"_blank\"><div class=\"x-anchor-content\"><span class=\"x-graphic\" aria-hidden=\"true\"><i class=\"x-icon x-graphic-child x-graphic-icon x-graphic-primary\" aria-hidden=\"true\" data-x-icon-s=\"&#xf35a;\"><\/i><\/span><div class=\"x-anchor-text\"><span class=\"x-anchor-text-primary\">Anexo III<\/span><\/div><\/div><\/a><\/div><\/div><\/div><\/div><\/div><\/div><\/div><\/div><span data-x-element-responsive-text=\"{&quot;selector&quot;:&quot;.h-responsive&quot;,&quot;compression&quot;:&quot;1.0&quot;,&quot;minFontSize&quot;:&quot;11px&quot;,&quot;maxFontSize&quot;:&quot;96&quot;}\" class=\"e1807-e40\"><\/span><\/div>\n","protected":false},"excerpt":{"rendered":"<p>AsistenciaT\u00e9cnicaSan Juan IIIPrograma de Cr\u00e9dito para la Reactivaci\u00f3n de la Producci\u00f3n de la Provincia de San JuanObjetivo general: contribuir a la recuperaci&oacute;n de la producci&oacute;n de la Provincia de San Juan y apoyar la sostenibilidad de las MIPYME como sost&eacute;n de empleo en la provincia. Objetivo espec&iacute;fico: promover la recuperaci&oacute;n econ&oacute;mica de las MIPYME que operan en la Provincia de &#8230; <\/p>\n<div><a href=\"https:\/\/www.inversionessanjuan.gov.ar\/?page_id=1807\" class=\"more-link\">Read More<\/a><\/div>\n","protected":false},"author":1,"featured_media":0,"parent":0,"menu_order":0,"comment_status":"closed","ping_status":"closed","template":"template-blank-4.php","meta":{"footnotes":""},"_links":{"self":[{"href":"https:\/\/www.inversionessanjuan.gov.ar\/index.php?rest_route=\/wp\/v2\/pages\/1807"}],"collection":[{"href":"https:\/\/www.inversionessanjuan.gov.ar\/index.php?rest_route=\/wp\/v2\/pages"}],"about":[{"href":"https:\/\/www.inversionessanjuan.gov.ar\/index.php?rest_route=\/wp\/v2\/types\/page"}],"author":[{"embeddable":true,"href":"https:\/\/www.inversionessanjuan.gov.ar\/index.php?rest_route=\/wp\/v2\/users\/1"}],"replies":[{"embeddable":true,"href":"https:\/\/www.inversionessanjuan.gov.ar\/index.php?rest_route=%2Fwp%2Fv2%2Fcomments&post=1807"}],"version-history":[{"count":13,"href":"https:\/\/www.inversionessanjuan.gov.ar\/index.php?rest_route=\/wp\/v2\/pages\/1807\/revisions"}],"predecessor-version":[{"id":1917,"href":"https:\/\/www.inversionessanjuan.gov.ar\/index.php?rest_route=\/wp\/v2\/pages\/1807\/revisions\/1917"}],"wp:attachment":[{"href":"https:\/\/www.inversionessanjuan.gov.ar\/index.php?rest_route=%2Fwp%2Fv2%2Fmedia&parent=1807"}],"curies":[{"name":"wp","href":"https:\/\/api.w.org\/{rel}","templated":true}]}}