{"id":1886,"date":"2024-09-05T12:38:29","date_gmt":"2024-09-05T15:38:29","guid":{"rendered":"https:\/\/www.inversionessanjuan.gov.ar\/?page_id=1886"},"modified":"2024-09-06T11:44:27","modified_gmt":"2024-09-06T14:44:27","slug":"kick-off-2","status":"publish","type":"page","link":"https:\/\/www.inversionessanjuan.gov.ar\/?page_id=1886","title":{"rendered":"Herramientas Sostenibles"},"content":{"rendered":"<div id=\"cs-content\" class=\"cs-content\"><div class=\"x-section e1886-e1 m1ge-0 m1ge-1\"><div class=\"x-bg\" aria-hidden=\"true\" style=\"border-radius: inherit inherit 100px inherit;\"><div class=\"x-bg-layer-lower-image\" data-x-element-bg-layer=\"{&quot;parallaxSize&quot;:&quot;150%&quot;,&quot;parallaxDir&quot;:&quot;v&quot;,&quot;parallaxRev&quot;:false}\"><\/div><\/div><div class=\"x-row x-container max width e1886-e2 m1ge-6 m1ge-7 m1ge-8 m1ge-b m1ge-c\"><div class=\"x-row-inner\"><div class=\"x-col e1886-e3 m1ge-h m1ge-i\"><div class=\"x-text x-text-headline e1886-e4 m1ge-j m1ge-k m1ge-l m1ge-m m1ge-n m1ge-o\"><div class=\"x-text-content\"><div class=\"x-text-content-text\"><h1 class=\"x-text-content-text-primary\">Herramientas<\/h1><\/div><\/div><\/div><\/div><\/div><\/div><\/div><div class=\"x-section e1886-e5 m1ge-0 m1ge-2 m1ge-3\"><span class=\"x-separator-top-angle-in\" style=\"top: 0px; height: 70px; color: rgb(253, 253, 253);\" aria-hidden=\"true\"><svg class=\"angle-top-in\" style=\"fill: currentColor;\" xmlns=\"http:\/\/www.w3.org\/2000\/svg\" version=\"1.1\" viewBox=\"0 0 100 100\" preserveAspectRatio=\"none\"><polygon points=\"0,100 50,100 0,0\"\/><polygon points=\"50,100 100,100 100,0\"\/><\/svg><\/span><div class=\"x-bg\" aria-hidden=\"true\"><div class=\"x-bg-layer-lower-image\" data-x-element-bg-layer=\"{&quot;parallaxSize&quot;:&quot;150%&quot;,&quot;parallaxDir&quot;:&quot;v&quot;,&quot;parallaxRev&quot;:false}\"><\/div><\/div><div class=\"x-row x-container max width e1886-e6 m1ge-6 m1ge-8 m1ge-9 m1ge-b m1ge-d\"><div class=\"x-row-inner\"><div class=\"x-col e1886-e7 m1ge-h\"><div class=\"x-text x-text-headline e1886-e8 m1ge-k m1ge-l m1ge-m m1ge-p\"><div class=\"x-text-content\"><div class=\"x-text-content-text\"><h1 class=\"x-text-content-text-primary\">Herramientas <strong>Sostenibles<\/strong><\/h1><\/div><\/div><\/div><\/div><\/div><\/div><div class=\"x-row x-container max width e1886-e9 m1ge-6 m1ge-9 m1ge-a m1ge-e m1ge-f\"><div class=\"x-row-inner\"><div class=\"x-col e1886-e10 m1ge-h\"><div class=\"x-card is-flip-down has-not-flipped e1886-e11 m1ge-t m1ge-5\" data-x-element-card=\"\"><div class=\"x-card-faces\"><div class=\"x-card-face is-front\"><div class=\"x-text x-text-headline has-graphic m1ge-k m1ge-o m1ge-q m1ge-r\"><div class=\"x-text-content\"><span class=\"x-graphic\" aria-hidden=\"true\"><span class=\"x-image x-graphic-child x-graphic-image x-graphic-primary\"><img decoding=\"async\" src=\"https:\/\/www.inversionessanjuan.gov.ar\/wp-content\/uploads\/2024\/09\/Captura-de-pantalla-2024-09-05-125230.png\" width=\"250\" height=\"173\" alt=\"Image\" loading=\"lazy\"><\/span><\/span><div class=\"x-text-content-text\"><h1 class=\"x-text-content-text-primary\">Premio Provincial a la<strong> Calidad 2024<\/strong><\/h1><\/div><\/div><\/div><div class=\"x-bg\" aria-hidden=\"true\"><div class=\"x-bg-layer-lower-color\" style=\" background-color: rgb(161, 53, 85);\"><\/div><\/div><\/div><div class=\"x-card-face is-back\"><div class=\"x-text x-text-headline m1ge-j m1ge-k m1ge-m m1ge-o m1ge-r m1ge-s\"><div class=\"x-text-content\"><div class=\"x-text-content-text\"><h1 class=\"x-text-content-text-primary\">Es una herramienta para el crecimiento de su Empresa. <strong>Participe<\/strong>!<\/h1><\/div><\/div><\/div><a class=\"x-anchor x-anchor-button m1ge-u\" tabindex=\"0\" href=\"http:\/\/premiocalidad.sanjuan.gov.ar\/\" target=\"_blank\"><div class=\"x-anchor-content\"><div class=\"x-anchor-text\"><span class=\"x-anchor-text-primary\">Ir a la Web!<\/span><\/div><\/div><\/a><\/div><\/div><\/div><\/div><div class=\"x-col e1886-e12 m1ge-h\"><div class=\"x-card is-flip-down has-not-flipped e1886-e13 m1ge-t m1ge-5\" data-x-element-card=\"\"><div class=\"x-card-faces\"><div class=\"x-card-face is-front\"><div class=\"x-text x-text-headline has-graphic m1ge-k m1ge-o m1ge-q m1ge-r\"><div class=\"x-text-content\"><span class=\"x-graphic\" aria-hidden=\"true\"><span class=\"x-image x-graphic-child x-graphic-image x-graphic-primary\"><img decoding=\"async\" src=\"https:\/\/www.inversionessanjuan.gov.ar\/wp-content\/uploads\/2023\/03\/ilustracion_bodega-310.png\" width=\"250\" height=\"155\" alt=\"Image\" loading=\"lazy\"><\/span><\/span><div class=\"x-text-content-text\"><h1 class=\"x-text-content-text-primary\">Argentina Proyecta<\/h1><\/div><\/div><\/div><div class=\"x-bg\" aria-hidden=\"true\"><div class=\"x-bg-layer-lower-color\" style=\" background-color: rgb(161, 53, 85);\"><\/div><\/div><\/div><div class=\"x-card-face is-back\"><div class=\"x-text x-text-headline m1ge-j m1ge-k m1ge-m m1ge-o m1ge-r m1ge-s\"><div class=\"x-text-content\"><div class=\"x-text-content-text\"><h1 class=\"x-text-content-text-primary\">Promover el desarrollo de una cultura de sustentabilidad empresarial en la Provincia de San Juan.<\/h1><\/div><\/div><\/div><a class=\"x-anchor x-anchor-button m1ge-u\" tabindex=\"0\" href=\"https:\/\/www.inversionessanjuan.gov.ar\/?page_id=1521\"><div class=\"x-anchor-content\"><div class=\"x-anchor-text\"><span class=\"x-anchor-text-primary\">Ver M\u00e1s<\/span><\/div><\/div><\/a><\/div><\/div><\/div><\/div><\/div><\/div><\/div><div class=\"x-section e1886-e14 m1ge-0 m1ge-3 m1ge-4\"><div class=\"x-bg\" aria-hidden=\"true\"><div class=\"x-bg-layer-lower-image\" data-x-element-bg-layer=\"{&quot;parallaxSize&quot;:&quot;150%&quot;,&quot;parallaxDir&quot;:&quot;v&quot;,&quot;parallaxRev&quot;:false}\"><\/div><\/div><div class=\"x-row x-container max width e1886-e15 m1ge-6 m1ge-9 m1ge-a m1ge-e m1ge-g\"><div class=\"x-row-inner\"><div class=\"x-col e1886-e16 m1ge-h\"><div class=\"x-card is-flip-down has-not-flipped e1886-e17 m1ge-t m1ge-5\" data-x-element-card=\"\"><div class=\"x-card-faces\"><div class=\"x-card-face is-front\"><div class=\"x-text x-text-headline has-graphic m1ge-k m1ge-o m1ge-q m1ge-r\"><div class=\"x-text-content\"><span class=\"x-graphic\" aria-hidden=\"true\"><span class=\"x-image x-graphic-child x-graphic-image x-graphic-primary\"><img decoding=\"async\" src=\"https:\/\/www.inversionessanjuan.gov.ar\/wp-content\/uploads\/2023\/03\/desarrollo_reportes_sustent310.png\" width=\"250\" height=\"155\" alt=\"Image\" loading=\"lazy\"><\/span><\/span><div class=\"x-text-content-text\"><h1 class=\"x-text-content-text-primary\">Asistencia T\u00e9cnica y Desarrollo de Capacidades Empresariales en Elaboraci\u00f3n de Reportes de Sustentabilidad <\/h1><\/div><\/div><\/div><div class=\"x-bg\" aria-hidden=\"true\"><div class=\"x-bg-layer-lower-color\" style=\" background-color: rgb(161, 53, 85);\"><\/div><\/div><\/div><div class=\"x-card-face is-back\"><div class=\"x-text x-text-headline m1ge-j m1ge-k m1ge-m m1ge-o m1ge-r m1ge-s\"><div class=\"x-text-content\"><div class=\"x-text-content-text\"><h1 class=\"x-text-content-text-primary\">Este programa cuenta con el apoyo del Programa de Naciones Unidas para el Desarrollo, Pacto\nGlobal Argentina y es llevado adelante por la Agencia de Inversiones de San Juan.<\/h1><\/div><\/div><\/div><a class=\"x-anchor x-anchor-button m1ge-u\" tabindex=\"0\" href=\"https:\/\/www.inversionessanjuan.gov.ar\/?page_id=1699\"><div class=\"x-anchor-content\"><div class=\"x-anchor-text\"><span class=\"x-anchor-text-primary\">Ver M\u00e1s<\/span><\/div><\/div><\/a><\/div><\/div><\/div><\/div><div class=\"x-col e1886-e18 m1ge-h\"><div class=\"x-card is-flip-down has-not-flipped e1886-e19 m1ge-t m1ge-5\" data-x-element-card=\"\"><div class=\"x-card-faces\"><div class=\"x-card-face is-front\"><div class=\"x-text x-text-headline has-graphic m1ge-k m1ge-o m1ge-q m1ge-r\"><div class=\"x-text-content\"><span class=\"x-graphic\" aria-hidden=\"true\"><span class=\"x-image x-graphic-child x-graphic-image x-graphic-primary\"><img decoding=\"async\" src=\"https:\/\/www.inversionessanjuan.gov.ar\/wp-content\/uploads\/2023\/03\/iinovacion.png\" width=\"250\" height=\"155\" alt=\"Image\" loading=\"lazy\"><\/span><\/span><div class=\"x-text-content-text\"><h1 class=\"x-text-content-text-primary\"><p>Programa de<br \/>\n<strong>Peque\u00f1os Emprendedores<br \/>\n<\/strong>de San Juan<\/p><\/h1><\/div><\/div><\/div><div class=\"x-bg\" aria-hidden=\"true\"><div class=\"x-bg-layer-lower-color\" style=\" background-color: rgb(161, 53, 85);\"><\/div><\/div><\/div><div class=\"x-card-face is-back\"><div class=\"x-text x-text-headline m1ge-j m1ge-k m1ge-m m1ge-o m1ge-r m1ge-s\"><div class=\"x-text-content\"><div class=\"x-text-content-text\"><h1 class=\"x-text-content-text-primary\">Brindamos asistencia financiera para el inicio de un emprendimiento o mejorar el desarrollo de micro o peque\u00f1os emprendimientos a trav\u00e9s de la adquisici\u00f3n de insumos y\/o equipamiento.<\/h1><\/div><\/div><\/div><a class=\"x-anchor x-anchor-button m1ge-u\" tabindex=\"0\" href=\"http:\/\/tramitesonline.agenciacalidadsanjuan.com.ar\/programa-microemprendedores-2024\/?fbclid=PAAaZ1E26DspNlGtBPi_mNNP1UBdTc8wl5f9lz-lRC08aMsoDx487Dfr47QRA\"><div class=\"x-anchor-content\"><div class=\"x-anchor-text\"><span class=\"x-anchor-text-primary\">Ver M\u00e1s<\/span><\/div><\/div><\/a><\/div><\/div><\/div><\/div><\/div><\/div><\/div><span data-x-element-responsive-text=\"{&quot;selector&quot;:&quot;.h-responsive&quot;,&quot;compression&quot;:&quot;1.0&quot;,&quot;minFontSize&quot;:&quot;11px&quot;,&quot;maxFontSize&quot;:&quot;96&quot;}\" class=\"e1886-e20\"><\/span><\/div>\n","protected":false},"excerpt":{"rendered":"<p>HerramientasHerramientas SosteniblesPremio Provincial a la Calidad 2024Es una herramienta para el crecimiento de su Empresa. Participe!Ir a la Web!Argentina ProyectaPromover el desarrollo de una cultura de sustentabilidad empresarial en la Provincia de San Juan.Ver M\u00e1sAsistencia T\u00e9cnica y Desarrollo de Capacidades Empresariales en Elaboraci\u00f3n de Reportes de Sustentabilidad Este programa cuenta con el apoyo del Programa de Naciones Unidas para el &#8230; <\/p>\n<div><a href=\"https:\/\/www.inversionessanjuan.gov.ar\/?page_id=1886\" class=\"more-link\">Read More<\/a><\/div>\n","protected":false},"author":1,"featured_media":0,"parent":0,"menu_order":0,"comment_status":"closed","ping_status":"closed","template":"template-blank-4.php","meta":{"footnotes":""},"_links":{"self":[{"href":"https:\/\/www.inversionessanjuan.gov.ar\/index.php?rest_route=\/wp\/v2\/pages\/1886"}],"collection":[{"href":"https:\/\/www.inversionessanjuan.gov.ar\/index.php?rest_route=\/wp\/v2\/pages"}],"about":[{"href":"https:\/\/www.inversionessanjuan.gov.ar\/index.php?rest_route=\/wp\/v2\/types\/page"}],"author":[{"embeddable":true,"href":"https:\/\/www.inversionessanjuan.gov.ar\/index.php?rest_route=\/wp\/v2\/users\/1"}],"replies":[{"embeddable":true,"href":"https:\/\/www.inversionessanjuan.gov.ar\/index.php?rest_route=%2Fwp%2Fv2%2Fcomments&post=1886"}],"version-history":[{"count":6,"href":"https:\/\/www.inversionessanjuan.gov.ar\/index.php?rest_route=\/wp\/v2\/pages\/1886\/revisions"}],"predecessor-version":[{"id":1901,"href":"https:\/\/www.inversionessanjuan.gov.ar\/index.php?rest_route=\/wp\/v2\/pages\/1886\/revisions\/1901"}],"wp:attachment":[{"href":"https:\/\/www.inversionessanjuan.gov.ar\/index.php?rest_route=%2Fwp%2Fv2%2Fmedia&parent=1886"}],"curies":[{"name":"wp","href":"https:\/\/api.w.org\/{rel}","templated":true}]}}