{"id":286,"date":"2020-11-10T09:12:09","date_gmt":"2020-11-10T12:12:09","guid":{"rendered":"https:\/\/www.inversionessanjuan.gov.ar\/?page_id=286"},"modified":"2021-08-09T16:20:16","modified_gmt":"2021-08-09T19:20:16","slug":"sector-estrategico-turismo","status":"publish","type":"page","link":"https:\/\/www.inversionessanjuan.gov.ar\/?page_id=286","title":{"rendered":"Sector Estrat\u00e9gico Turismo"},"content":{"rendered":"<div id=\"cs-content\" class=\"cs-content\"><\/div>\n","protected":false},"excerpt":{"rendered":"<p>Sectores Estrat\u00e9gicosSector TurismoSan Juan es considerado un destino tur\u00edstico emergente con alrededor de 950.000 visitantes al a\u00f1o y con una marcada tendencia a seguir expandi\u00e9ndose. Nuestros productos tur\u00edsticos son una oferta muy tentadora y adaptable a los nuevos h\u00e1bitos de consumo tur\u00edstico, relacionados con el turismo de reuniones, el turismo deportivo, el turismo gastron\u00f3mico, en combinaci\u00f3n con la vivencia de &#8230; <\/p>\n<div><a href=\"https:\/\/www.inversionessanjuan.gov.ar\/?page_id=286\" class=\"more-link\">Read More<\/a><\/div>\n","protected":false},"author":1,"featured_media":0,"parent":0,"menu_order":0,"comment_status":"closed","ping_status":"closed","template":"template-blank-4.php","meta":{"footnotes":""},"_links":{"self":[{"href":"https:\/\/www.inversionessanjuan.gov.ar\/index.php?rest_route=\/wp\/v2\/pages\/286"}],"collection":[{"href":"https:\/\/www.inversionessanjuan.gov.ar\/index.php?rest_route=\/wp\/v2\/pages"}],"about":[{"href":"https:\/\/www.inversionessanjuan.gov.ar\/index.php?rest_route=\/wp\/v2\/types\/page"}],"author":[{"embeddable":true,"href":"https:\/\/www.inversionessanjuan.gov.ar\/index.php?rest_route=\/wp\/v2\/users\/1"}],"replies":[{"embeddable":true,"href":"https:\/\/www.inversionessanjuan.gov.ar\/index.php?rest_route=%2Fwp%2Fv2%2Fcomments&post=286"}],"version-history":[{"count":52,"href":"https:\/\/www.inversionessanjuan.gov.ar\/index.php?rest_route=\/wp\/v2\/pages\/286\/revisions"}],"predecessor-version":[{"id":1034,"href":"https:\/\/www.inversionessanjuan.gov.ar\/index.php?rest_route=\/wp\/v2\/pages\/286\/revisions\/1034"}],"wp:attachment":[{"href":"https:\/\/www.inversionessanjuan.gov.ar\/index.php?rest_route=%2Fwp%2Fv2%2Fmedia&parent=286"}],"curies":[{"name":"wp","href":"https:\/\/api.w.org\/{rel}","templated":true}]}}