{"id":344,"date":"2020-11-11T11:23:14","date_gmt":"2020-11-11T14:23:14","guid":{"rendered":"https:\/\/www.inversionessanjuan.gov.ar\/?page_id=344"},"modified":"2024-09-05T12:43:36","modified_gmt":"2024-09-05T15:43:36","slug":"triple-impacto-2","status":"publish","type":"page","link":"https:\/\/www.inversionessanjuan.gov.ar\/?page_id=344","title":{"rendered":"Triple Impacto"},"content":{"rendered":"<div id=\"cs-content\" class=\"cs-content\"><div class=\"x-section e344-e1 m9k-0 m9k-1\"><div class=\"x-bg\" aria-hidden=\"true\" style=\"border-radius: inherit inherit 100px inherit;\"><div class=\"x-bg-layer-lower-image\" data-x-element-bg-layer=\"{&quot;parallaxSize&quot;:&quot;150%&quot;,&quot;parallaxDir&quot;:&quot;v&quot;,&quot;parallaxRev&quot;:false}\"><\/div><\/div><div class=\"x-row x-container max width e344-e2 m9k-4 m9k-5 m9k-6 m9k-7 m9k-d m9k-e\"><div class=\"x-row-inner\"><div class=\"x-col e344-e3 m9k-l m9k-m m9k-n m9k-o m9k-p\"><div class=\"x-text x-text-headline e344-e4 m9k-t m9k-u m9k-v m9k-w m9k-x\"><div class=\"x-text-content\"><div class=\"x-text-content-text\"><h1 class=\"x-text-content-text-primary\">Triple <strong>Impacto<\/strong><\/h1><\/div><\/div><\/div><\/div><\/div><\/div><\/div><div class=\"x-section e344-e5 m9k-0 m9k-2\"><span class=\"x-separator-top-angle-in\" style=\"top: 0px; height: 70px; color: rgb(255, 255, 255);\" aria-hidden=\"true\"><svg class=\"angle-top-in\" style=\"fill: currentColor;\" xmlns=\"http:\/\/www.w3.org\/2000\/svg\" version=\"1.1\" viewBox=\"0 0 100 100\" preserveAspectRatio=\"none\"><polygon points=\"0,100 50,100 0,0\"\/><polygon points=\"50,100 100,100 100,0\"\/><\/svg><\/span><div class=\"x-bg\" aria-hidden=\"true\"><div class=\"x-bg-layer-lower-image\"><\/div><\/div><div class=\"x-row x-container max width e344-e6 m9k-4 m9k-6 m9k-7 m9k-8 m9k-9 m9k-d m9k-f\"><div class=\"x-row-inner\"><div class=\"x-col e344-e7 m9k-l m9k-m m9k-n m9k-o\"><hr class=\"x-line e344-e8 m9k-13\"><\/hr><\/div><\/div><\/div><div class=\"x-row e344-e9 m9k-4 m9k-6 m9k-8 m9k-9 m9k-a m9k-g\"><div class=\"x-row-inner\"><div class=\"x-col e344-e10 m9k-l m9k-n m9k-q\"><div class=\"x-text x-text-headline e344-e11 m9k-t m9k-u m9k-v m9k-y m9k-z\"><div class=\"x-text-content\"><div class=\"x-text-content-text\"><h1 class=\"x-text-content-text-primary\"><span style=\"color: #000000;\">Proyecto <strong>Triple Impacto<\/strong><\/span><\/h1><\/div><\/div><\/div><div class=\"x-text x-text-headline e344-e12 m9k-u m9k-x m9k-10 m9k-11\"><div class=\"x-text-content\"><div class=\"x-text-content-text\"><h1 class=\"x-text-content-text-primary\"><span style=\"color: #000000;\">VISI&Oacute;N<\/span><\/h1><\/div><\/div><\/div><div class=\"x-text x-content e344-e13 m9k-14 m9k-15 m9k-16\"><p style=\"text-align: justify;\"><span style=\"font-weight: 400;\">Junto a PNUD Argentina y el Ministerio de Relaciones Exteriores y Culto somos asociados en la implementaci\u00f3n del Proyecto PNUD 20\/006 cuyo t\u00edtulo es \u201c<\/span><i><span style=\"font-weight: 400;\">Proyecto de Triple Impacto para el Desarrollo Sostenible<\/span><\/i> <i><span style=\"font-weight: 400;\">de San Juan<\/span><\/i><span style=\"font-weight: 400;\">\u201d.<\/span><\/p>\n<p style=\"text-align: justify;\"><span style=\"font-weight: 400;\">Nos proponemos generar condiciones para la expansi\u00f3n de una econom\u00eda de triple impacto en San Juan. Para ello trabajaremos en la construcci\u00f3n de una cultura de la sustentabilidad empresarial y en la promoci\u00f3n de inversiones productivas de impacto; como as\u00ed tambi\u00e9n en impulsar las finanzas sostenibles en la Provincia.<\/span><\/p>\n<p style=\"text-align: justify;\"><span style=\"font-weight: 400;\">Este desaf\u00edo es funcional a la aplicabilidad de los Objetivos de Desarrollo Sostenible de la ONU proyectada para el a\u00f1o 2030, los cuales han sido recepcionados por el Plan Estrat\u00e9gico San Juan 2030.<\/span><\/p>\n<p style=\"text-align: justify;\"><span style=\"font-weight: 400;\">En San Juan estamos convencidos que el desarrollo sino es sostenible no es desarrollo. Desde la Agencia de Inversiones San Juan, somos conscientes del rol y responsabilidad que tenemos como generador de pol\u00edticas p\u00fablicas, proyectos y programas que inciden en la toma de decisiones de los actores econ\u00f3micos, productivos y sociales.<\/span><\/p><\/div><div class=\"x-text x-text-headline e344-e14 m9k-u m9k-x m9k-10 m9k-11\"><div class=\"x-text-content\"><div class=\"x-text-content-text\"><h1 class=\"x-text-content-text-primary\"><span style=\"color: #000000;\">OBJETIVOS<\/span><\/h1><\/div><\/div><\/div><div class=\"x-text x-content e344-e15 m9k-14 m9k-15 m9k-17\"><p class=\"p1\" style=\"text-align: justify;\"><span style=\"font-weight: 400;\">En este marco, sabemos c\u00f3mo impulsar el cambio de paradigma sobre el desarrollo y modelos de negocios en San Juan; y sabemos, tambi\u00e9n, qu\u00e9 queremos lograr en el marco de este Proyecto de Triple Impacto:<\/span><\/p><\/div><ul  class=\"x-feature-list\"  data-x-element=\"feature_list\" data-x-params=\"{&quot;animationOffset&quot;:&quot;50&quot;,&quot;animationDelayInitial&quot;:&quot;0&quot;,&quot;animationDelayBetween&quot;:&quot;300&quot;}\"><li  class=\"x-feature-box left-text top-text cf\" style=\" max-width: none;\" data-x-element=\"feature_box\" data-x-params=\"{&quot;child&quot;:true,&quot;graphicAnimation&quot;:&quot;fadeInUp&quot;,&quot;connectorAnimation&quot;:&quot;fadeInUp&quot;,&quot;alignH&quot;:&quot;left&quot;,&quot;alignV&quot;:&quot;top&quot;}\"><span class=\"x-feature-box-connector full animated-hide\" style=\"font-size: 30px; left: 0; right: calc(100% - 30px); border-left: 1px dashed #272727;\"><\/span><div class=\"x-feature-box-graphic circle \"><div class=\"x-feature-box-graphic-outer circle animated-hide\" style=\" margin-right: 20px;\"><div class=\"x-feature-box-graphic-inner circle\" style=\"font-size: 30px;\"><i class=\"x-icon-arrows circle\" data-x-icon-s=\"&#xf047;\"  style=\"margin: 0 auto; color: #ffffff; background-color: #723f55;\"><\/i><\/div><\/div><\/div><div class=\"x-feature-box-content \"><h4 class=\"x-feature-box-title\" style=\"color: hsl(0, 0%, 0%);\">Ecosistema de Negocios Sostenibles<\/h4><p class=\"x-feature-box-text\" style=\"color: hsl(0, 0%, 0%);\">Contribuir con la creaci\u00f3n de un ecosistema provincial de negocios sostenibles, asentado en la cultura de la sustentabilidad empresarial, las alianzas estrat\u00e9gicas y las inversiones de impacto.<\/p><\/div><\/li><li  class=\"x-feature-box left-text top-text cf\" style=\" max-width: none;\" data-x-element=\"feature_box\" data-x-params=\"{&quot;child&quot;:true,&quot;graphicAnimation&quot;:&quot;fadeInUp&quot;,&quot;connectorAnimation&quot;:&quot;fadeInUp&quot;,&quot;alignH&quot;:&quot;left&quot;,&quot;alignV&quot;:&quot;top&quot;}\"><span class=\"x-feature-box-connector full animated-hide\" style=\"font-size: 30px; left: 0; right: calc(100% - 30px); border-left: 1px dashed #272727;\"><\/span><div class=\"x-feature-box-graphic circle \"><div class=\"x-feature-box-graphic-outer circle animated-hide\" style=\" margin-right: 20px;\"><div class=\"x-feature-box-graphic-inner circle\" style=\"font-size: 30px;\"><i class=\"x-icon-o-restroom circle\" data-x-icon-o=\"&#xf7bd;\"  style=\"margin: 0 auto; color: #ffffff; background-color: #723f55;\"><\/i><\/div><\/div><\/div><div class=\"x-feature-box-content \"><h4 class=\"x-feature-box-title\" style=\"color: hsl(0, 0%, 0%);\">Sensibilizaci\u00f3n Social<\/h4><p class=\"x-feature-box-text\" style=\"color: hsl(0, 0%, 0%);\">Sensibilizar sobre modelos de negocios sostenibles en San Juan.<\/p><\/div><\/li><li  class=\"x-feature-box left-text top-text cf\" style=\" max-width: none;\" data-x-element=\"feature_box\" data-x-params=\"{&quot;child&quot;:true,&quot;graphicAnimation&quot;:&quot;fadeInUp&quot;,&quot;connectorAnimation&quot;:&quot;fadeInUp&quot;,&quot;alignH&quot;:&quot;left&quot;,&quot;alignV&quot;:&quot;top&quot;}\"><span class=\"x-feature-box-connector full animated-hide\" style=\"font-size: 30px; left: 0; right: calc(100% - 30px); border-left: 1px dashed #272727;\"><\/span><div class=\"x-feature-box-graphic circle \"><div class=\"x-feature-box-graphic-outer circle animated-hide\" style=\" margin-right: 20px;\"><div class=\"x-feature-box-graphic-inner circle\" style=\"font-size: 30px;\"><i class=\"x-icon-book-reader circle\" data-x-icon-s=\"&#xf5da;\"  style=\"margin: 0 auto; color: #ffffff; background-color: #723f55;\"><\/i><\/div><\/div><\/div><div class=\"x-feature-box-content \"><h4 class=\"x-feature-box-title\" style=\"color: hsl(0, 0%, 0%);\">Capacitaci\u00f3n <\/h4><p class=\"x-feature-box-text\" style=\"color: hsl(0, 0%, 0%);\">Capacitar a empresas en la formaci\u00f3n de equipos que forjen una mentalidad preparada para innovar con impacto.<\/p><\/div><\/li><li  class=\"x-feature-box left-text top-text cf\" style=\" max-width: none;\" data-x-element=\"feature_box\" data-x-params=\"{&quot;child&quot;:true,&quot;graphicAnimation&quot;:&quot;fadeInUp&quot;,&quot;connectorAnimation&quot;:&quot;fadeInUp&quot;,&quot;alignH&quot;:&quot;left&quot;,&quot;alignV&quot;:&quot;top&quot;}\"><span class=\"x-feature-box-connector full animated-hide\" style=\"font-size: 30px; left: 0; right: calc(100% - 30px); border-left: 1px dashed #272727;\"><\/span><div class=\"x-feature-box-graphic circle \"><div class=\"x-feature-box-graphic-outer circle animated-hide\" style=\" margin-right: 20px;\"><div class=\"x-feature-box-graphic-inner circle\" style=\"font-size: 30px;\"><i class=\"x-icon-hand-holding circle\" data-x-icon-s=\"&#xf4bd;\"  style=\"margin: 0 auto; color: #ffffff; background-color: #723f55;\"><\/i><\/div><\/div><\/div><div class=\"x-feature-box-content \"><h4 class=\"x-feature-box-title\" style=\"color: hsl(0, 0%, 0%);\">Colaboraci\u00f3n<\/h4><p class=\"x-feature-box-text\" style=\"color: hsl(0, 0%, 0%);\">Colaborar con las empresas en la puesta en marcha proyectos de inversi\u00f3n y reinversi\u00f3n con impacto social y \/ o ambiental.<\/p><\/div><\/li><li  class=\"x-feature-box left-text top-text cf\" style=\" max-width: none;\" data-x-element=\"feature_box\" data-x-params=\"{&quot;child&quot;:true,&quot;graphicAnimation&quot;:&quot;fadeInUp&quot;,&quot;connectorAnimation&quot;:&quot;fadeInUp&quot;,&quot;alignH&quot;:&quot;left&quot;,&quot;alignV&quot;:&quot;top&quot;}\"><span class=\"x-feature-box-connector full animated-hide\" style=\"font-size: 30px; left: 0; right: calc(100% - 30px); border-left: 1px dashed #272727;\"><\/span><div class=\"x-feature-box-graphic circle \"><div class=\"x-feature-box-graphic-outer circle animated-hide\" style=\" margin-right: 20px;\"><div class=\"x-feature-box-graphic-inner circle\" style=\"font-size: 30px;\"><i class=\"x-icon-handshake circle\" data-x-icon-s=\"&#xf2b5;\"  style=\"margin: 0 auto; color: #ffffff; background-color: #723f55;\"><\/i><\/div><\/div><\/div><div class=\"x-feature-box-content \"><h4 class=\"x-feature-box-title\" style=\"color: hsl(0, 0%, 0%);\">Acompa\u00f1amiento a Empresas<\/h4><p class=\"x-feature-box-text\" style=\"color: hsl(0, 0%, 0%);\">Acompa\u00f1ar a las empresas para que integren el impacto social y ambiental en su cadena de valor.<\/p><\/div><\/li><li  class=\"x-feature-box left-text top-text cf\" style=\" max-width: none;\" data-x-element=\"feature_box\" data-x-params=\"{&quot;child&quot;:true,&quot;graphicAnimation&quot;:&quot;fadeInUp&quot;,&quot;connectorAnimation&quot;:&quot;fadeInUp&quot;,&quot;alignH&quot;:&quot;left&quot;,&quot;alignV&quot;:&quot;top&quot;}\"><span class=\"x-feature-box-connector full animated-hide\" style=\"font-size: 30px; left: 0; right: calc(100% - 30px); border-left: 1px dashed #272727;\"><\/span><div class=\"x-feature-box-graphic circle \"><div class=\"x-feature-box-graphic-outer circle animated-hide\" style=\" margin-right: 20px;\"><div class=\"x-feature-box-graphic-inner circle\" style=\"font-size: 30px;\"><i class=\"x-icon-money-check-edit-alt circle\" data-x-icon-s=\"&#xf873;\"  style=\"margin: 0 auto; color: #ffffff; background-color: #723f55;\"><\/i><\/div><\/div><\/div><div class=\"x-feature-box-content \"><h4 class=\"x-feature-box-title\" style=\"color: hsl(0, 0%, 0%);\">Promocionar Inversiones con Impacto<\/h4><p class=\"x-feature-box-text\" style=\"color: hsl(0, 0%, 0%);\">Promocionar el marcado de inversiones de impacto en San Juan con veh\u00edculos financieros innovadores.<\/p><\/div><\/li><li  class=\"x-feature-box left-text top-text cf\" style=\" max-width: none;\" data-x-element=\"feature_box\" data-x-params=\"{&quot;child&quot;:true,&quot;graphicAnimation&quot;:&quot;fadeInUp&quot;,&quot;connectorAnimation&quot;:&quot;fadeInUp&quot;,&quot;alignH&quot;:&quot;left&quot;,&quot;alignV&quot;:&quot;top&quot;}\"><span class=\"x-feature-box-connector full animated-hide\" style=\"font-size: 30px; left: 0; right: calc(100% - 30px); border-left: 1px dashed #272727;\"><\/span><div class=\"x-feature-box-graphic circle \"><div class=\"x-feature-box-graphic-outer circle animated-hide\" style=\" margin-right: 20px;\"><div class=\"x-feature-box-graphic-inner circle\" style=\"font-size: 30px;\"><i class=\"x-icon-o-globe-americas circle\" data-x-icon-o=\"&#xf57d;\"  style=\"margin: 0 auto; color: #ffffff; background-color: #723f55;\"><\/i><\/div><\/div><\/div><div class=\"x-feature-box-content \"><h4 class=\"x-feature-box-title\" style=\"color: hsl(0, 0%, 0%);\">Impulso de Ley Provincial<\/h4><p class=\"x-feature-box-text\" style=\"color: hsl(0, 0%, 0%);\">Impulsar la sanci\u00f3n de la Ley Provincial de Creaci\u00f3n del Programa Impacto San Juan.<\/p><\/div><\/li><\/ul><a class=\"x-anchor x-anchor-button has-graphic e344-e24 m9k-19\" tabindex=\"0\" href=\"http:\/\/www.inversionessanjuan.gov.ar\/?page_id=422\"><div class=\"x-anchor-content\"><span class=\"x-graphic\" aria-hidden=\"true\"><i class=\"x-icon x-graphic-child x-graphic-icon x-graphic-primary\" aria-hidden=\"true\" data-x-icon-s=\"&#xf35a;\"><\/i><\/span><div class=\"x-anchor-text\"><span class=\"x-anchor-text-primary\">CASOS DE \u00c9XITO<\/span><\/div><\/div><\/a><a class=\"x-anchor x-anchor-button has-graphic e344-e25 m9k-19\" tabindex=\"0\" href=\"http:\/\/www.inversionessanjuan.gov.ar\/?page_id=434\"><div class=\"x-anchor-content\"><span class=\"x-graphic\" aria-hidden=\"true\"><i class=\"x-icon x-graphic-child x-graphic-icon x-graphic-primary\" aria-hidden=\"true\" data-x-icon-s=\"&#xf35a;\"><\/i><\/span><div class=\"x-anchor-text\"><span class=\"x-anchor-text-primary\">FINANCIAMIENTO CON IMPACTO<\/span><\/div><\/div><\/a><\/div><div class=\"x-col e344-e26 m9k-l m9k-m m9k-n m9k-p m9k-r\"><div class=\"x-text x-text-headline e344-e27 m9k-u m9k-x m9k-10 m9k-11\"><div class=\"x-text-content\"><div class=\"x-text-content-text\"><h1 class=\"x-text-content-text-primary\"><span style=\"color: #000000;\">QU\u00c9 ES EL TRIPLE IMPACTO?<\/span><\/h1><\/div><\/div><\/div><span class=\"x-image e344-e28 m9k-1a\"><img decoding=\"async\" src=\"https:\/\/www.inversionessanjuan.gov.ar\/wp-content\/uploads\/2020\/11\/triple-impacto.jpg\" width=\"310\" height=\"212\" alt=\"Image\" loading=\"lazy\"><\/span><div class=\"x-text x-content e344-e29 m9k-15 m9k-17 m9k-18\"><p style=\"text-align: justify;\"><span style=\"font-weight: 400;\">Triple Impacto es el nuevo juego de los negocios y del desarrollo empresarial, basado en 3 pilares: el valor econ\u00f3mico, es decir, la b\u00fasqueda de la rentabilidad; la mirada social vinculada a la inclusi\u00f3n y la equidad y el impacto ambiental que generan las actividades econ\u00f3micas y productivas.<\/span><\/p>\n<p style=\"text-align: justify;\"><span style=\"font-weight: 400;\">Este paradigma promueve el desarrollo de empresas \u201c<\/span><i><span style=\"font-weight: 400;\">con rostro humano<\/span><\/i><span style=\"font-weight: 400;\">\u201d comprometidas con ser mejores empresas para sus empleados, proveedores, clientes y la comunidad en su conjunto.<\/span><\/p>\n<p style=\"text-align: justify;\"><span style=\"font-weight: 400;\">Para ello, adoptan un estilo de gesti\u00f3n empresarial que contribuye a la consolidaci\u00f3n de valores humanos, sociales y ambientales; asumiendo el desaf\u00edo de medir el impacto de sus acciones; apoyando, de esta manera, la concreci\u00f3n de los Objetivos de Desarrollo Sostenible (ODS) de las Naciones Unidas.<\/span><\/p><\/div><a class=\"x-anchor x-anchor-button has-graphic e344-e30 m9k-19\" tabindex=\"0\" href=\"https:\/\/www.inversionessanjuan.gov.ar\/?page_id=1886\"><div class=\"x-anchor-content\"><span class=\"x-graphic\" aria-hidden=\"true\"><i class=\"x-icon x-graphic-child x-graphic-icon x-graphic-primary\" aria-hidden=\"true\" data-x-icon-s=\"&#xf35a;\"><\/i><\/span><div class=\"x-anchor-text\"><span class=\"x-anchor-text-primary\">HERRAMIENTAS SOSTENIBLES<\/span><\/div><\/div><\/a><\/div><\/div><\/div><\/div><div class=\"x-section e344-e31 m9k-0 m9k-3\"><div class=\"x-bg\" aria-hidden=\"true\"><div class=\"x-bg-layer-lower-image\" data-x-element-bg-layer=\"{&quot;parallaxSize&quot;:&quot;150%&quot;,&quot;parallaxDir&quot;:&quot;v&quot;,&quot;parallaxRev&quot;:false}\"><\/div><\/div><div class=\"x-row x-container max width e344-e32 m9k-4 m9k-6 m9k-7 m9k-8 m9k-9 m9k-d m9k-h\"><div class=\"x-row-inner\"><div class=\"x-col e344-e33 m9k-l m9k-m m9k-n m9k-o\"><div class=\"x-text x-text-headline e344-e34 m9k-u m9k-v m9k-x m9k-y m9k-11 m9k-12\"><div class=\"x-text-content\"><div class=\"x-text-content-text\"><h1 class=\"x-text-content-text-primary\">Compromisos <strong>asumidos<\/strong><\/h1><\/div><\/div><\/div><\/div><\/div><\/div><div class=\"x-row x-container max width e344-e35 m9k-4 m9k-8 m9k-b m9k-c m9k-i m9k-j\"><div class=\"x-row-inner\"><div class=\"x-col e344-e36 m9k-l m9k-m m9k-s\"><div  class=\"x-feature-box center-text top-text cf\" style=\"color: hsl(0, 100%, 0%); max-width: none;\" data-x-element=\"feature_box\" data-x-params=\"{&quot;child&quot;:false,&quot;graphicAnimation&quot;:&quot;tada&quot;,&quot;graphicAnimationOffset&quot;:&quot;50&quot;,&quot;graphicAnimationDelay&quot;:&quot;0&quot;}\"><div class=\"x-feature-box-graphic square \"><div class=\"x-feature-box-graphic-outer square\" style=\"\"><div class=\"x-feature-box-graphic-inner square\" style=\"font-size: 80px;\"><i class=\"x-icon-child square\" data-x-icon-s=\"&#xf1ae;\"  style=\"margin: 0 auto; color: rgb(114, 63, 85); background-color: transparent;\"><\/i><\/div><\/div><\/div><div class=\"x-feature-box-content \"><h4 class=\"x-feature-box-title\" style=\"color: hsl(0, 0%, 0%);\">EXPERTISE<\/h4><p class=\"x-feature-box-text\" style=\"color: hsl(0, 100%, 0%);\">Aportar nuestro conocimiento, experiencia y compromiso para que las buenas cosas, en t\u00e9rminos de desarrollo sostenible, sucedan<\/p><\/div><\/div><\/div><div class=\"x-col e344-e38 m9k-l m9k-m m9k-s\"><div  class=\"x-feature-box center-text top-text cf\" style=\"color: hsl(0, 100%, 0%); max-width: none;\" data-x-element=\"feature_box\" data-x-params=\"{&quot;child&quot;:false,&quot;graphicAnimation&quot;:&quot;tada&quot;,&quot;graphicAnimationOffset&quot;:&quot;50&quot;,&quot;graphicAnimationDelay&quot;:&quot;0&quot;}\"><div class=\"x-feature-box-graphic square \"><div class=\"x-feature-box-graphic-outer square\" style=\"\"><div class=\"x-feature-box-graphic-inner square\" style=\"font-size: 80px;\"><i class=\"x-icon-arrows-alt square\" data-x-icon-s=\"&#xf0b2;\"  style=\"margin: 0 auto; color: rgb(114, 63, 85); background-color: transparent;\"><\/i><\/div><\/div><\/div><div class=\"x-feature-box-content \"><h4 class=\"x-feature-box-title\" style=\"color: hsl(0, 0%, 0%);\">DEBATE<\/h4><p class=\"x-feature-box-text\" style=\"color: hsl(0, 100%, 0%);\">Promover el debate sobre Triple Impacto en San Juan<\/p><\/div><\/div><\/div><div class=\"x-col e344-e40 m9k-l m9k-m m9k-s\"><div  class=\"x-feature-box center-text top-text cf\" style=\"color: hsl(0, 100%, 0%); max-width: none;\" data-x-element=\"feature_box\" data-x-params=\"{&quot;child&quot;:false,&quot;graphicAnimation&quot;:&quot;tada&quot;,&quot;graphicAnimationOffset&quot;:&quot;50&quot;,&quot;graphicAnimationDelay&quot;:&quot;0&quot;}\"><div class=\"x-feature-box-graphic square \"><div class=\"x-feature-box-graphic-outer square\" style=\"\"><div class=\"x-feature-box-graphic-inner square\" style=\"font-size: 80px;\"><i class=\"x-icon-hand-receiving square\" data-x-icon-s=\"&#xf47c;\"  style=\"margin: 0 auto; color: rgb(114, 63, 85); background-color: transparent;\"><\/i><\/div><\/div><\/div><div class=\"x-feature-box-content \"><h4 class=\"x-feature-box-title\" style=\"color: hsl(0, 0%, 0%);\"> PROYECTOS SUSTENTABLES<\/h4><p class=\"x-feature-box-text\" style=\"color: hsl(0, 100%, 0%);\">Realizar proyectos que contribuyan con las empresas de San Juan en su desarrollo hacia la sustentabilidad y la mitigaci\u00f3n de problemas sociales y\/o ambientales<\/p><\/div><\/div><\/div><\/div><\/div><div class=\"x-row x-container max width e344-e42 m9k-4 m9k-8 m9k-9 m9k-c m9k-i m9k-k\"><div class=\"x-row-inner\"><div class=\"x-col e344-e43 m9k-l m9k-m m9k-s\"><div  class=\"x-feature-box center-text top-text cf\" style=\"color: hsl(0, 100%, 0%); max-width: none;\" data-x-element=\"feature_box\" data-x-params=\"{&quot;child&quot;:false,&quot;graphicAnimation&quot;:&quot;tada&quot;,&quot;graphicAnimationOffset&quot;:&quot;50&quot;,&quot;graphicAnimationDelay&quot;:&quot;0&quot;}\"><div class=\"x-feature-box-graphic square \"><div class=\"x-feature-box-graphic-outer square\" style=\"\"><div class=\"x-feature-box-graphic-inner square\" style=\"font-size: 80px;\"><i class=\"x-icon-books-medical square\" data-x-icon-s=\"&#xf7e8;\"  style=\"margin: 0 auto; color: rgb(114, 63, 85); background-color: transparent;\"><\/i><\/div><\/div><\/div><div class=\"x-feature-box-content \"><h4 class=\"x-feature-box-title\" style=\"color: hsl(0, 0%, 0%);\">RESEARCH<\/h4><p class=\"x-feature-box-text\" style=\"color: hsl(0, 100%, 0%);\">Ser cazadores de tendencias en finanzas sostenibles y herramientas de apoyo no financiero para que las empresas innoven sus pr\u00e1cticas de impacto y redefinan su idea del \u00e9xito<\/p><\/div><\/div><\/div><div class=\"x-col e344-e45 m9k-l m9k-m m9k-s\"><div  class=\"x-feature-box center-text top-text cf\" style=\"color: hsl(0, 100%, 0%); max-width: none;\" data-x-element=\"feature_box\" data-x-params=\"{&quot;child&quot;:false,&quot;graphicAnimation&quot;:&quot;tada&quot;,&quot;graphicAnimationOffset&quot;:&quot;50&quot;,&quot;graphicAnimationDelay&quot;:&quot;0&quot;}\"><div class=\"x-feature-box-graphic square \"><div class=\"x-feature-box-graphic-outer square\" style=\"\"><div class=\"x-feature-box-graphic-inner square\" style=\"font-size: 80px;\"><i class=\"x-icon-hands square\" data-x-icon-s=\"&#xf2a7;\"  style=\"margin: 0 auto; color: rgb(114, 63, 85); background-color: transparent;\"><\/i><\/div><\/div><\/div><div class=\"x-feature-box-content \"><h4 class=\"x-feature-box-title\" style=\"color: hsl(0, 0%, 0%);\">CONTRIBUIR A LOS ODS<\/h4><p class=\"x-feature-box-text\" style=\"color: hsl(0, 100%, 0%);\">Contribuir con la difusi\u00f3n de los Objetivos de Desarrollo Sostenible en San Juan<\/p><\/div><\/div><\/div><\/div><\/div><\/div><span data-x-element-responsive-text=\"{&quot;selector&quot;:&quot;.h-responsive&quot;,&quot;compression&quot;:&quot;1.0&quot;,&quot;minFontSize&quot;:&quot;11px&quot;,&quot;maxFontSize&quot;:&quot;96&quot;}\" class=\"e344-e47\"><\/span><\/div>\n","protected":false},"excerpt":{"rendered":"<p>Triple ImpactoProyecto Triple ImpactoVISI&Oacute;NJunto a PNUD Argentina y el Ministerio de Relaciones Exteriores y Culto somos asociados en la implementaci\u00f3n del Proyecto PNUD 20\/006 cuyo t\u00edtulo es \u201cProyecto de Triple Impacto para el Desarrollo Sostenible de San Juan\u201d. Nos proponemos generar condiciones para la expansi\u00f3n de una econom\u00eda de triple impacto en San Juan. Para ello trabajaremos en la construcci\u00f3n &#8230; <\/p>\n<div><a href=\"https:\/\/www.inversionessanjuan.gov.ar\/?page_id=344\" class=\"more-link\">Read More<\/a><\/div>\n","protected":false},"author":1,"featured_media":0,"parent":0,"menu_order":0,"comment_status":"closed","ping_status":"closed","template":"template-blank-4.php","meta":{"footnotes":""},"_links":{"self":[{"href":"https:\/\/www.inversionessanjuan.gov.ar\/index.php?rest_route=\/wp\/v2\/pages\/344"}],"collection":[{"href":"https:\/\/www.inversionessanjuan.gov.ar\/index.php?rest_route=\/wp\/v2\/pages"}],"about":[{"href":"https:\/\/www.inversionessanjuan.gov.ar\/index.php?rest_route=\/wp\/v2\/types\/page"}],"author":[{"embeddable":true,"href":"https:\/\/www.inversionessanjuan.gov.ar\/index.php?rest_route=\/wp\/v2\/users\/1"}],"replies":[{"embeddable":true,"href":"https:\/\/www.inversionessanjuan.gov.ar\/index.php?rest_route=%2Fwp%2Fv2%2Fcomments&post=344"}],"version-history":[{"count":29,"href":"https:\/\/www.inversionessanjuan.gov.ar\/index.php?rest_route=\/wp\/v2\/pages\/344\/revisions"}],"predecessor-version":[{"id":1791,"href":"https:\/\/www.inversionessanjuan.gov.ar\/index.php?rest_route=\/wp\/v2\/pages\/344\/revisions\/1791"}],"wp:attachment":[{"href":"https:\/\/www.inversionessanjuan.gov.ar\/index.php?rest_route=%2Fwp%2Fv2%2Fmedia&parent=344"}],"curies":[{"name":"wp","href":"https:\/\/api.w.org\/{rel}","templated":true}]}}