{"id":367,"date":"2020-11-11T18:27:39","date_gmt":"2020-11-11T21:27:39","guid":{"rendered":"https:\/\/www.inversionessanjuan.gov.ar\/?page_id=367"},"modified":"2021-08-09T16:19:47","modified_gmt":"2021-08-09T19:19:47","slug":"sector-estrategico-tic","status":"publish","type":"page","link":"https:\/\/www.inversionessanjuan.gov.ar\/?page_id=367","title":{"rendered":"Sector Estrat\u00e9gico Tic"},"content":{"rendered":"<div id=\"cs-content\" class=\"cs-content\"><\/div>\n","protected":false},"excerpt":{"rendered":"<p>Sectores Estrat\u00e9gicosEconom\u00eda del Conocimiento y TICEl sector tecnol\u00f3gico en San Juan est\u00e1 en pleno desarrollo, factor que favorecer\u00e1 el incremento de las oportunidades de inversi\u00f3n. Este sector encuentra, hoy, en la Provincia una sociedad que reconoce a la econom\u00eda del conocimiento como un valor social, un microclima emprendedor colaborativo, con talentos formados y un cl\u00faster de empresas del sector organizado &#8230; <\/p>\n<div><a href=\"https:\/\/www.inversionessanjuan.gov.ar\/?page_id=367\" class=\"more-link\">Read More<\/a><\/div>\n","protected":false},"author":1,"featured_media":0,"parent":0,"menu_order":0,"comment_status":"closed","ping_status":"closed","template":"template-blank-4.php","meta":{"footnotes":""},"_links":{"self":[{"href":"https:\/\/www.inversionessanjuan.gov.ar\/index.php?rest_route=\/wp\/v2\/pages\/367"}],"collection":[{"href":"https:\/\/www.inversionessanjuan.gov.ar\/index.php?rest_route=\/wp\/v2\/pages"}],"about":[{"href":"https:\/\/www.inversionessanjuan.gov.ar\/index.php?rest_route=\/wp\/v2\/types\/page"}],"author":[{"embeddable":true,"href":"https:\/\/www.inversionessanjuan.gov.ar\/index.php?rest_route=\/wp\/v2\/users\/1"}],"replies":[{"embeddable":true,"href":"https:\/\/www.inversionessanjuan.gov.ar\/index.php?rest_route=%2Fwp%2Fv2%2Fcomments&post=367"}],"version-history":[{"count":4,"href":"https:\/\/www.inversionessanjuan.gov.ar\/index.php?rest_route=\/wp\/v2\/pages\/367\/revisions"}],"predecessor-version":[{"id":1033,"href":"https:\/\/www.inversionessanjuan.gov.ar\/index.php?rest_route=\/wp\/v2\/pages\/367\/revisions\/1033"}],"wp:attachment":[{"href":"https:\/\/www.inversionessanjuan.gov.ar\/index.php?rest_route=%2Fwp%2Fv2%2Fmedia&parent=367"}],"curies":[{"name":"wp","href":"https:\/\/api.w.org\/{rel}","templated":true}]}}