{"id":373,"date":"2020-11-11T18:39:34","date_gmt":"2020-11-11T21:39:34","guid":{"rendered":"https:\/\/www.inversionessanjuan.gov.ar\/?page_id=373"},"modified":"2021-08-09T16:18:41","modified_gmt":"2021-08-09T19:18:41","slug":"sector-estrategico-energias-renovables","status":"publish","type":"page","link":"https:\/\/www.inversionessanjuan.gov.ar\/?page_id=373","title":{"rendered":"Sector Estrat\u00e9gico Energ\u00edas Renovables"},"content":{"rendered":"<div id=\"cs-content\" class=\"cs-content\"><\/div>\n","protected":false},"excerpt":{"rendered":"<p>Sectores Estrat\u00e9gicosEnerg\u00edas RenovablesEl Gobierno de la Provincia de San Juan considera pol\u00edtica de Estado la gesti\u00f3n de los recursos energ\u00e9ticos de la provincia en materia de Aprovechamientos Hidroel\u00e9ctricos, Energ\u00eda Solar, Energ\u00eda E\u00f3lica, Energ\u00eda Geot\u00e9rmica y Energ\u00eda a partir de Biomasa.\u00a0 La empresa estatal Energ\u00eda Provincial Sociedad del Estado (EPSE), especializada en el estudio, exploraci\u00f3n, explotaci\u00f3n, industrializaci\u00f3n y administraci\u00f3n de todos &#8230; <\/p>\n<div><a href=\"https:\/\/www.inversionessanjuan.gov.ar\/?page_id=373\" class=\"more-link\">Read More<\/a><\/div>\n","protected":false},"author":1,"featured_media":0,"parent":0,"menu_order":0,"comment_status":"closed","ping_status":"closed","template":"template-blank-4.php","meta":{"footnotes":""},"_links":{"self":[{"href":"https:\/\/www.inversionessanjuan.gov.ar\/index.php?rest_route=\/wp\/v2\/pages\/373"}],"collection":[{"href":"https:\/\/www.inversionessanjuan.gov.ar\/index.php?rest_route=\/wp\/v2\/pages"}],"about":[{"href":"https:\/\/www.inversionessanjuan.gov.ar\/index.php?rest_route=\/wp\/v2\/types\/page"}],"author":[{"embeddable":true,"href":"https:\/\/www.inversionessanjuan.gov.ar\/index.php?rest_route=\/wp\/v2\/users\/1"}],"replies":[{"embeddable":true,"href":"https:\/\/www.inversionessanjuan.gov.ar\/index.php?rest_route=%2Fwp%2Fv2%2Fcomments&post=373"}],"version-history":[{"count":12,"href":"https:\/\/www.inversionessanjuan.gov.ar\/index.php?rest_route=\/wp\/v2\/pages\/373\/revisions"}],"predecessor-version":[{"id":1030,"href":"https:\/\/www.inversionessanjuan.gov.ar\/index.php?rest_route=\/wp\/v2\/pages\/373\/revisions\/1030"}],"wp:attachment":[{"href":"https:\/\/www.inversionessanjuan.gov.ar\/index.php?rest_route=%2Fwp%2Fv2%2Fmedia&parent=373"}],"curies":[{"name":"wp","href":"https:\/\/api.w.org\/{rel}","templated":true}]}}