{"id":383,"date":"2020-11-11T19:17:50","date_gmt":"2020-11-11T22:17:50","guid":{"rendered":"https:\/\/www.inversionessanjuan.gov.ar\/?page_id=383"},"modified":"2021-08-09T16:19:24","modified_gmt":"2021-08-09T19:19:24","slug":"sector-estrategico-mineria","status":"publish","type":"page","link":"https:\/\/www.inversionessanjuan.gov.ar\/?page_id=383","title":{"rendered":"Sector Estrat\u00e9gico Miner\u00eda"},"content":{"rendered":"<div id=\"cs-content\" class=\"cs-content\"><\/div>\n","protected":false},"excerpt":{"rendered":"<p>Sectores Estrat\u00e9gicosSector Miner\u00edaSan Juan es considerada la provincia con mayor atractivo para la inversi\u00f3n minera de Argentina, seg\u00fan la Encuesta Anual que realiza el Instituto Fraser, ubic\u00e1ndose en la posici\u00f3n 27 a nivel mundial, y es 2\u00b0 en el Ranking de Atracci\u00f3n de Inversiones Mineras de Argentina, posici\u00f3n que no pierde desde el 2014 seg\u00fan la Consultora ABECEB. La miner\u00eda &#8230; <\/p>\n<div><a href=\"https:\/\/www.inversionessanjuan.gov.ar\/?page_id=383\" class=\"more-link\">Read More<\/a><\/div>\n","protected":false},"author":1,"featured_media":0,"parent":0,"menu_order":0,"comment_status":"closed","ping_status":"closed","template":"template-blank-4.php","meta":{"footnotes":""},"_links":{"self":[{"href":"https:\/\/www.inversionessanjuan.gov.ar\/index.php?rest_route=\/wp\/v2\/pages\/383"}],"collection":[{"href":"https:\/\/www.inversionessanjuan.gov.ar\/index.php?rest_route=\/wp\/v2\/pages"}],"about":[{"href":"https:\/\/www.inversionessanjuan.gov.ar\/index.php?rest_route=\/wp\/v2\/types\/page"}],"author":[{"embeddable":true,"href":"https:\/\/www.inversionessanjuan.gov.ar\/index.php?rest_route=\/wp\/v2\/users\/1"}],"replies":[{"embeddable":true,"href":"https:\/\/www.inversionessanjuan.gov.ar\/index.php?rest_route=%2Fwp%2Fv2%2Fcomments&post=383"}],"version-history":[{"count":14,"href":"https:\/\/www.inversionessanjuan.gov.ar\/index.php?rest_route=\/wp\/v2\/pages\/383\/revisions"}],"predecessor-version":[{"id":1032,"href":"https:\/\/www.inversionessanjuan.gov.ar\/index.php?rest_route=\/wp\/v2\/pages\/383\/revisions\/1032"}],"wp:attachment":[{"href":"https:\/\/www.inversionessanjuan.gov.ar\/index.php?rest_route=%2Fwp%2Fv2%2Fmedia&parent=383"}],"curies":[{"name":"wp","href":"https:\/\/api.w.org\/{rel}","templated":true}]}}