{"id":422,"date":"2020-11-13T10:25:16","date_gmt":"2020-11-13T13:25:16","guid":{"rendered":"https:\/\/www.inversionessanjuan.gov.ar\/?page_id=422"},"modified":"2020-11-26T12:30:44","modified_gmt":"2020-11-26T15:30:44","slug":"triple-impacto-exitos","status":"publish","type":"page","link":"https:\/\/www.inversionessanjuan.gov.ar\/?page_id=422","title":{"rendered":"Triple Impacto &#8211; \u00c9xitos"},"content":{"rendered":"<div id=\"cs-content\" class=\"cs-content\"><\/div>\n","protected":false},"excerpt":{"rendered":"<p>Triple ImpactoCasos de \u00c9xitoGeneraci\u00f3n de energ\u00eda el\u00e9ctrica en un proceso industrial\u00a0\u00a0Cerros de CuyoLa empresa propuso desarrollar un innovador sistema de generaci\u00f3n que se acoplara al banco de pruebas del proceso industrial de reparaci\u00f3n y testeo de motores. Esta innovaci\u00f3n permitir\u00e1 suministrar energ\u00eda el\u00e9ctrica mientras el motor se encuentre en funcionamiento para su verificaci\u00f3n, impactando positivamente sobre la optimizaci\u00f3n del consumo &#8230; <\/p>\n<div><a href=\"https:\/\/www.inversionessanjuan.gov.ar\/?page_id=422\" class=\"more-link\">Read More<\/a><\/div>\n","protected":false},"author":1,"featured_media":0,"parent":0,"menu_order":0,"comment_status":"closed","ping_status":"closed","template":"template-blank-4.php","meta":{"footnotes":""},"_links":{"self":[{"href":"https:\/\/www.inversionessanjuan.gov.ar\/index.php?rest_route=\/wp\/v2\/pages\/422"}],"collection":[{"href":"https:\/\/www.inversionessanjuan.gov.ar\/index.php?rest_route=\/wp\/v2\/pages"}],"about":[{"href":"https:\/\/www.inversionessanjuan.gov.ar\/index.php?rest_route=\/wp\/v2\/types\/page"}],"author":[{"embeddable":true,"href":"https:\/\/www.inversionessanjuan.gov.ar\/index.php?rest_route=\/wp\/v2\/users\/1"}],"replies":[{"embeddable":true,"href":"https:\/\/www.inversionessanjuan.gov.ar\/index.php?rest_route=%2Fwp%2Fv2%2Fcomments&post=422"}],"version-history":[{"count":10,"href":"https:\/\/www.inversionessanjuan.gov.ar\/index.php?rest_route=\/wp\/v2\/pages\/422\/revisions"}],"predecessor-version":[{"id":433,"href":"https:\/\/www.inversionessanjuan.gov.ar\/index.php?rest_route=\/wp\/v2\/pages\/422\/revisions\/433"}],"wp:attachment":[{"href":"https:\/\/www.inversionessanjuan.gov.ar\/index.php?rest_route=%2Fwp%2Fv2%2Fmedia&parent=422"}],"curies":[{"name":"wp","href":"https:\/\/api.w.org\/{rel}","templated":true}]}}