{"id":450,"date":"2020-11-16T12:40:45","date_gmt":"2020-11-16T15:40:45","guid":{"rendered":"https:\/\/www.inversionessanjuan.gov.ar\/?page_id=450"},"modified":"2022-04-29T11:16:04","modified_gmt":"2022-04-29T14:16:04","slug":"incentivo-fiscal","status":"publish","type":"page","link":"https:\/\/www.inversionessanjuan.gov.ar\/?page_id=450","title":{"rendered":"Incentivo Fiscal"},"content":{"rendered":"<div id=\"cs-content\" class=\"cs-content\"><\/div>\n","protected":false},"excerpt":{"rendered":"<p>Incentivo FiscalPrograma de Incentivos Fiscales a la Inversi\u00f3n Productiva en la Provincia de San Juan Ley 1744-IInstituido por Ley 1744-I, el Gobierno de San Juan se propuso apoyar e impulsar la inversi\u00f3n, el empleo y el desarrollo sustentable de la Provincia de San Juan a trav\u00e9s del otorgamiento de Certificados de Cr\u00e9dito Fiscal a favor de los inversores, cuyo valor &#8230; <\/p>\n<div><a href=\"https:\/\/www.inversionessanjuan.gov.ar\/?page_id=450\" class=\"more-link\">Read More<\/a><\/div>\n","protected":false},"author":1,"featured_media":0,"parent":0,"menu_order":0,"comment_status":"closed","ping_status":"closed","template":"template-blank-4.php","meta":{"footnotes":""},"_links":{"self":[{"href":"https:\/\/www.inversionessanjuan.gov.ar\/index.php?rest_route=\/wp\/v2\/pages\/450"}],"collection":[{"href":"https:\/\/www.inversionessanjuan.gov.ar\/index.php?rest_route=\/wp\/v2\/pages"}],"about":[{"href":"https:\/\/www.inversionessanjuan.gov.ar\/index.php?rest_route=\/wp\/v2\/types\/page"}],"author":[{"embeddable":true,"href":"https:\/\/www.inversionessanjuan.gov.ar\/index.php?rest_route=\/wp\/v2\/users\/1"}],"replies":[{"embeddable":true,"href":"https:\/\/www.inversionessanjuan.gov.ar\/index.php?rest_route=%2Fwp%2Fv2%2Fcomments&post=450"}],"version-history":[{"count":16,"href":"https:\/\/www.inversionessanjuan.gov.ar\/index.php?rest_route=\/wp\/v2\/pages\/450\/revisions"}],"predecessor-version":[{"id":1399,"href":"https:\/\/www.inversionessanjuan.gov.ar\/index.php?rest_route=\/wp\/v2\/pages\/450\/revisions\/1399"}],"wp:attachment":[{"href":"https:\/\/www.inversionessanjuan.gov.ar\/index.php?rest_route=%2Fwp%2Fv2%2Fmedia&parent=450"}],"curies":[{"name":"wp","href":"https:\/\/api.w.org\/{rel}","templated":true}]}}