{"id":49,"date":"2016-08-26T12:51:53","date_gmt":"2016-08-26T17:51:53","guid":{"rendered":"https:\/\/www.inversionessanjuan.gov.ar\/about\/"},"modified":"2024-03-15T10:01:16","modified_gmt":"2024-03-15T13:01:16","slug":"nosotros","status":"publish","type":"page","link":"https:\/\/www.inversionessanjuan.gov.ar\/?page_id=49","title":{"rendered":"Nosotros"},"content":{"rendered":"<div id=\"cs-content\" class=\"cs-content\"><div class=\"x-section e49-e1 m1d-0 m1d-1\"><div class=\"x-bg\" aria-hidden=\"true\" style=\"border-radius: inherit inherit 100px inherit;\"><div class=\"x-bg-layer-lower-image\" data-x-element-bg-layer=\"{&quot;parallaxSize&quot;:&quot;150%&quot;,&quot;parallaxDir&quot;:&quot;v&quot;,&quot;parallaxRev&quot;:false}\"><\/div><\/div><div class=\"x-row x-container max width e49-e2 m1d-7 m1d-8 m1d-9 m1d-a m1d-b m1d-c m1d-d m1d-e m1d-m m1d-n\"><div class=\"x-row-inner\"><div class=\"x-col e49-e3 m1d-x m1d-y m1d-z m1d-10 m1d-11\"><div class=\"x-text x-text-headline e49-e4 m1d-16 m1d-17 m1d-18 m1d-19 m1d-1a m1d-1b\"><div class=\"x-text-content\"><div class=\"x-text-content-text\"><h1 class=\"x-text-content-text-primary\">Sobre <strong>Nosotros<\/strong><\/h1><\/div><\/div><\/div><\/div><\/div><\/div><\/div><div class=\"x-section e49-e5 m1d-0 m1d-2\"><span class=\"x-separator-top-angle-in\" style=\"top: 0px; height: 70px; color: rgb(255, 255, 255);\" aria-hidden=\"true\"><svg class=\"angle-top-in\" style=\"fill: currentColor;\" xmlns=\"http:\/\/www.w3.org\/2000\/svg\" version=\"1.1\" viewBox=\"0 0 100 100\" preserveAspectRatio=\"none\"><polygon points=\"0,100 50,100 0,0\"\/><polygon points=\"50,100 100,100 100,0\"\/><\/svg><\/span><div class=\"x-bg\" aria-hidden=\"true\"><div class=\"x-bg-layer-lower-image\" style=\" background-image: url(https:\/\/www.inversionessanjuan.gov.ar\/wp-content\/uploads\/2020\/10\/mision-vision-valores.jpg); background-repeat: no-repeat; background-position: bottom; background-size: contain;\"><\/div><\/div><div class=\"x-row x-container max width e49-e6 m1d-7 m1d-9 m1d-a m1d-b m1d-c m1d-d m1d-e m1d-f m1d-g m1d-m m1d-o\"><div class=\"x-row-inner\"><div class=\"x-col e49-e7 m1d-x m1d-y m1d-z m1d-10\"><hr class=\"x-line e49-e8 m1d-1i\"><\/hr><\/div><\/div><\/div><div class=\"x-row e49-e9 m1d-7 m1d-9 m1d-a m1d-f m1d-g m1d-h m1d-p\"><div class=\"x-row-inner\"><div class=\"x-col e49-e10 m1d-x m1d-z m1d-12\"><div class=\"x-text x-text-headline e49-e11 m1d-16 m1d-17 m1d-18 m1d-1c m1d-1d m1d-1e\"><div class=\"x-text-content\"><div class=\"x-text-content-text\"><h1 class=\"x-text-content-text-primary\"><span style=\"color: #000000;\">Nuestras<\/span><br \/><span style=\"color: #000000;\"><strong>Bases<\/strong><\/span><\/h1><\/div><\/div><\/div><div class=\"x-text x-text-headline e49-e12 m1d-17 m1d-1a m1d-1b m1d-1f m1d-1g\"><div class=\"x-text-content\"><div class=\"x-text-content-text\"><h1 class=\"x-text-content-text-primary\"><span style=\"color: #000000;\">MISI&Oacute;N<\/span><\/h1><\/div><\/div><\/div><div class=\"x-text x-content e49-e13 m1d-1j m1d-1k m1d-1l m1d-1m m1d-1n\"><p class=\"p1\"><span style=\"color: #000000;\">Contribuimos con el desarrollo sostenible, el progreso y el bienestar de la Provincia con veh&iacute;culos de apoyo financiero, asistencia t&eacute;cnica, incentivos econ&oacute;micos y servicios al inversor, dise&ntilde;ados para generar condiciones que promuevan el aumento de la capacidad instalada, la competitividad, la inclusi&oacute;n financiera, la sustentabilidad ambiental y el empleo.<\/span><\/p><\/div><div class=\"x-text x-text-headline e49-e14 m1d-17 m1d-1a m1d-1b m1d-1f m1d-1g\"><div class=\"x-text-content\"><div class=\"x-text-content-text\"><h1 class=\"x-text-content-text-primary\"><span style=\"color: #000000;\">VISI&Oacute;N<\/span><\/h1><\/div><\/div><\/div><div class=\"x-text x-content e49-e15 m1d-1j m1d-1k m1d-1l m1d-1m m1d-1n\"><p class=\"p1\"><span style=\"color: #000000;\">Buscamos ser reconocidos como una aut&eacute;ntica agencia de desarrollo y referente regional en el dise&ntilde;o y ejecuci&oacute;n de proyectos, programas, herramientas y servicios destinados a crear un clima de negocios sostenible en la Provincia<span class=\"s1\">.<\/span><\/span><\/p><\/div><div class=\"x-text x-text-headline e49-e16 m1d-17 m1d-1a m1d-1b m1d-1f m1d-1g\"><div class=\"x-text-content\"><div class=\"x-text-content-text\"><h1 class=\"x-text-content-text-primary\"><span style=\"color: #000000;\">PROP&Oacute;SITO Y VALORES<\/span><\/h1><\/div><\/div><\/div><div class=\"x-text x-content e49-e17 m1d-1j m1d-1k m1d-1m m1d-1n m1d-1o\"><p class=\"p1\"><span style=\"color: #000000;\">Nuestro prop\u00f3sito es ser socio estrat\u00e9gico de las empresas locales, nacionales e internacionales que eligen a San Juan como su mejor opci\u00f3n para concretar negocios. Nos preparamos para acompa\u00f1ar al empresario inversor durante todo el ciclo de inversi\u00f3n (radicaci\u00f3n, lanzamiento, desarrollo, reinversi\u00f3n).<\/span><\/p>\n<p class=\"p1\"><span style=\"color: #000000;\">Para ello, el sello en nuestro modo de pensar, decidir y actuar est\u00e1 orientado por los siguientes valores:<\/span><\/p><\/div><ul  class=\"x-feature-list\"  data-x-element=\"feature_list\" data-x-params=\"{&quot;animationOffset&quot;:&quot;50&quot;,&quot;animationDelayInitial&quot;:&quot;0&quot;,&quot;animationDelayBetween&quot;:&quot;300&quot;}\"><li  class=\"x-feature-box left-text top-text cf\" style=\" max-width: none;\" data-x-element=\"feature_box\" data-x-params=\"{&quot;child&quot;:true,&quot;graphicAnimation&quot;:&quot;fadeInUp&quot;,&quot;connectorAnimation&quot;:&quot;fadeInUp&quot;,&quot;alignH&quot;:&quot;left&quot;,&quot;alignV&quot;:&quot;top&quot;}\"><span class=\"x-feature-box-connector full animated-hide\" style=\"font-size: 30px; left: 0; right: calc(100% - 30px); border-left: 1px dashed #272727;\"><\/span><div class=\"x-feature-box-graphic circle \"><div class=\"x-feature-box-graphic-outer circle animated-hide\" style=\" margin-right: 20px;\"><div class=\"x-feature-box-graphic-inner circle\" style=\"font-size: 30px;\"><i class=\"x-icon-id-card-alt circle\" data-x-icon-s=\"&#xf47f;\"  style=\"margin: 0 auto; color: #ffffff; background-color: #723f55;\"><\/i><\/div><\/div><\/div><div class=\"x-feature-box-content \"><h4 class=\"x-feature-box-title\" style=\"color: hsl(0, 0%, 0%);\">Profesionalismo<\/h4><p class=\"x-feature-box-text\" style=\"color: hsl(0, 0%, 0%);\">Nuestro equipo multidisciplinario, con amplios conocimientos y experiencia, est\u00e1 preparado para atender y dar respuesta a las necesidades del empresario inversor con informaci\u00f3n, herramientas y servicios de facilitaci\u00f3n de valor agregado, que le permitir\u00e1n una eficaz conexi\u00f3n con las oportunidades de negocios que San Juan ofrece.<\/p><\/div><\/li><li  class=\"x-feature-box left-text top-text cf\" style=\" max-width: none;\" data-x-element=\"feature_box\" data-x-params=\"{&quot;child&quot;:true,&quot;graphicAnimation&quot;:&quot;fadeInUp&quot;,&quot;connectorAnimation&quot;:&quot;fadeInUp&quot;,&quot;alignH&quot;:&quot;left&quot;,&quot;alignV&quot;:&quot;top&quot;}\"><span class=\"x-feature-box-connector full animated-hide\" style=\"font-size: 30px; left: 0; right: calc(100% - 30px); border-left: 1px dashed #272727;\"><\/span><div class=\"x-feature-box-graphic circle \"><div class=\"x-feature-box-graphic-outer circle animated-hide\" style=\" margin-right: 20px;\"><div class=\"x-feature-box-graphic-inner circle\" style=\"font-size: 30px;\"><i class=\"x-icon-analytics circle\" data-x-icon-s=\"&#xf643;\"  style=\"margin: 0 auto; color: #ffffff; background-color: #723f55;\"><\/i><\/div><\/div><\/div><div class=\"x-feature-box-content \"><h4 class=\"x-feature-box-title\" style=\"color: hsl(0, 0%, 0%);\">Calidad<\/h4><p class=\"x-feature-box-text\" style=\"color: hsl(0, 0%, 0%);\">Somos autoridad de aplicaci\u00f3n del Premio Provincial a la Calidad para el Sector Privado; lo cual redobla nuestro compromiso con la calidad y la mejora continua, que se evidencia con la obtenci\u00f3n de la Certificaci\u00f3n de Normas ISO 9001-2015.<\/p><\/div><\/li><li  class=\"x-feature-box left-text top-text cf\" style=\" max-width: none;\" data-x-element=\"feature_box\" data-x-params=\"{&quot;child&quot;:true,&quot;graphicAnimation&quot;:&quot;fadeInUp&quot;,&quot;connectorAnimation&quot;:&quot;fadeInUp&quot;,&quot;alignH&quot;:&quot;left&quot;,&quot;alignV&quot;:&quot;top&quot;}\"><span class=\"x-feature-box-connector full animated-hide\" style=\"font-size: 30px; left: 0; right: calc(100% - 30px); border-left: 1px dashed #272727;\"><\/span><div class=\"x-feature-box-graphic circle \"><div class=\"x-feature-box-graphic-outer circle animated-hide\" style=\" margin-right: 20px;\"><div class=\"x-feature-box-graphic-inner circle\" style=\"font-size: 30px;\"><i class=\"x-icon-o-globe-americas circle\" data-x-icon-o=\"&#xf57d;\"  style=\"margin: 0 auto; color: #ffffff; background-color: #723f55;\"><\/i><\/div><\/div><\/div><div class=\"x-feature-box-content \"><h4 class=\"x-feature-box-title\" style=\"color: hsl(0, 0%, 0%);\">Compromiso con los ODS<\/h4><p class=\"x-feature-box-text\" style=\"color: hsl(0, 0%, 0%);\">Impulsamos iniciativas para contribuir con el cumplimiento de los ODS y la Agenda 2030 en San Juan; siendo la autoridad de aplicaci\u00f3n del primer proyecto integral provincial de Triple Impacto que se ejecuta en Argentina, en colaboraci\u00f3n con PNUD Argentina y el Ministerio de Relaciones Exteriores y Culto<\/p><\/div><\/li><\/ul><\/div><div class=\"x-col e49-e22 m1d-x m1d-y m1d-z m1d-13\"><div class=\"x-text x-content e49-e23 m1d-1k m1d-1m m1d-1o m1d-1p\"><p class=\"p1\"><span style=\"color: #ffffff;\">Somos la Agencia de promoci\u00f3n, atracci\u00f3n y facilitaci\u00f3n de inversiones productivas en la Provincia de San Juan (Argentina). <\/span><br \/>\n<span style=\"color: #ffffff;\">Un organismo aut\u00e1rquico del Gobierno Provincial, creado en 2007, vinculado al Poder Ejecutivo a trav\u00e9s del <strong>Ministerio de Producci\u00f3n y Desarrollo Econ\u00f3mico.<\/strong><\/span><\/p><\/div><ul  class=\"x-feature-list\"  data-x-element=\"feature_list\" data-x-params=\"{&quot;animationOffset&quot;:&quot;50&quot;,&quot;animationDelayInitial&quot;:&quot;0&quot;,&quot;animationDelayBetween&quot;:&quot;300&quot;}\"><li  class=\"x-feature-box left-text top-text cf\" style=\" max-width: none;\" data-x-element=\"feature_box\" data-x-params=\"{&quot;child&quot;:true,&quot;graphicAnimation&quot;:&quot;fadeInUp&quot;,&quot;connectorAnimation&quot;:&quot;fadeInUp&quot;,&quot;alignH&quot;:&quot;left&quot;,&quot;alignV&quot;:&quot;top&quot;}\"><span class=\"x-feature-box-connector full animated-hide\" style=\"font-size: 30px; left: 0; right: calc(100% - 30px); border-left: 1px dashed #272727;\"><\/span><div class=\"x-feature-box-graphic circle \"><div class=\"x-feature-box-graphic-outer circle animated-hide\" style=\" margin-right: 20px;\"><div class=\"x-feature-box-graphic-inner circle\" style=\"font-size: 30px;\"><i class=\"x-icon-file-download circle\" data-x-icon-s=\"&#xf56d;\"  style=\"margin: 0 auto; color: #ffffff; background-color: rgb(228, 176, 63);\"><\/i><\/div><\/div><\/div><div class=\"x-feature-box-content \"><h4 class=\"x-feature-box-title\">Ley de Creaci\u00f3n de la ADISJ<\/h4><p class=\"x-feature-box-text\"> <a href=\"http:\/\/www.inversionessanjuan.gov.ar\/wp-content\/uploads\/2020\/11\/Ley-de-Creacion-de-la-ASJDI.pdf\" title=\"Bajar Archivo\" target=\"_blank\" rel=\"\">Bajar Archivo<\/a><\/p><\/div><\/li><li  class=\"x-feature-box left-text top-text cf\" style=\" max-width: none;\" data-x-element=\"feature_box\" data-x-params=\"{&quot;child&quot;:true,&quot;graphicAnimation&quot;:&quot;fadeInUp&quot;,&quot;connectorAnimation&quot;:&quot;fadeInUp&quot;,&quot;alignH&quot;:&quot;left&quot;,&quot;alignV&quot;:&quot;top&quot;}\"><span class=\"x-feature-box-connector full animated-hide\" style=\"font-size: 30px; left: 0; right: calc(100% - 30px); border-left: 1px dashed #272727;\"><\/span><div class=\"x-feature-box-graphic circle \"><div class=\"x-feature-box-graphic-outer circle animated-hide\" style=\" margin-right: 20px;\"><div class=\"x-feature-box-graphic-inner circle\" style=\"font-size: 30px;\"><i class=\"x-icon-file-download circle\" data-x-icon-s=\"&#xf56d;\"  style=\"margin: 0 auto; color: #ffffff; background-color: rgb(228, 176, 63);\"><\/i><\/div><\/div><\/div><div class=\"x-feature-box-content \"><h4 class=\"x-feature-box-title\">Decreto Provincial Reglamentario<\/h4><p class=\"x-feature-box-text\"> <a href=\"http:\/\/www.inversionessanjuan.gov.ar\/wp-content\/uploads\/2020\/11\/Decreto-Prov-2442-Reglam.AGENCIA.pdf\" title=\"Bajar Archivo\" target=\"_blank\" rel=\"\">Bajar Archivo<\/a><\/p><\/div><\/li><\/ul><\/div><\/div><\/div><\/div><div class=\"x-section e49-e27 m1d-0 m1d-3 m1d-4\"><div class=\"x-bg\" aria-hidden=\"true\"><div class=\"x-bg-layer-lower-image\" data-x-element-bg-layer=\"{&quot;parallaxSize&quot;:&quot;150%&quot;,&quot;parallaxDir&quot;:&quot;v&quot;,&quot;parallaxRev&quot;:false}\"><\/div><\/div><div class=\"x-row x-container max width e49-e28 m1d-7 m1d-9 m1d-a m1d-b m1d-c m1d-d m1d-e m1d-f m1d-g m1d-m m1d-q\"><div class=\"x-row-inner\"><div class=\"x-col e49-e29 m1d-x m1d-y m1d-z m1d-10\"><div class=\"x-text x-text-headline e49-e30 m1d-17 m1d-18 m1d-1a m1d-1b m1d-1c m1d-1g m1d-1h\"><div class=\"x-text-content\"><div class=\"x-text-content-text\"><h1 class=\"x-text-content-text-primary\">Conoci&eacute;ndonos<br \/><strong>m&aacute;s<\/strong><\/h1><\/div><\/div><\/div><\/div><\/div><\/div><div class=\"x-row x-container max width e49-e31 m1d-7 m1d-9 m1d-f m1d-i m1d-j m1d-r m1d-s\"><div class=\"x-row-inner\"><div class=\"x-col e49-e32 m1d-x m1d-y m1d-14\"><div  class=\"x-feature-box center-text top-text cf\" style=\"color: hsl(0, 100%, 0%); max-width: none;\" data-x-element=\"feature_box\" data-x-params=\"{&quot;child&quot;:false,&quot;graphicAnimation&quot;:&quot;tada&quot;,&quot;graphicAnimationOffset&quot;:&quot;50&quot;,&quot;graphicAnimationDelay&quot;:&quot;0&quot;}\"><div class=\"x-feature-box-graphic square \"><div class=\"x-feature-box-graphic-outer square\" style=\"\"><div class=\"x-feature-box-graphic-inner square\" style=\"font-size: 80px;\"><i class=\"x-icon-chart-network square\" data-x-icon-s=\"&#xf78a;\"  style=\"margin: 0 auto; color: rgb(114, 63, 85); background-color: transparent;\"><\/i><\/div><\/div><\/div><div class=\"x-feature-box-content \"><h4 class=\"x-feature-box-title\" style=\"color: hsl(0, 0%, 0%);\">INTEGRACI\u00d3N<\/h4><p class=\"x-feature-box-text\" style=\"color: hsl(0, 100%, 0%);\">Integramos la Red Federal de Inversi\u00f3n y Comercio.<\/p><\/div><\/div><\/div><div class=\"x-col e49-e34 m1d-x m1d-y m1d-14\"><div  class=\"x-feature-box center-text top-text cf\" style=\"color: hsl(0, 100%, 0%); max-width: none;\" data-x-element=\"feature_box\" data-x-params=\"{&quot;child&quot;:false,&quot;graphicAnimation&quot;:&quot;tada&quot;,&quot;graphicAnimationOffset&quot;:&quot;50&quot;,&quot;graphicAnimationDelay&quot;:&quot;0&quot;}\"><div class=\"x-feature-box-graphic square \"><div class=\"x-feature-box-graphic-outer square\" style=\"\"><div class=\"x-feature-box-graphic-inner square\" style=\"font-size: 80px;\"><i class=\"x-icon-restroom square\" data-x-icon-s=\"&#xf7bd;\"  style=\"margin: 0 auto; color: rgb(114, 63, 85); background-color: transparent;\"><\/i><\/div><\/div><\/div><div class=\"x-feature-box-content \"><h4 class=\"x-feature-box-title\" style=\"color: hsl(0, 0%, 0%);\">IGUALDAD DE G\u00c9NERO<\/h4><p class=\"x-feature-box-text\" style=\"color: hsl(0, 100%, 0%);\">Estamos comprometidos con la igualdad de g\u00e9nero. Las mujeres representan el 50% de nuestro equipo y el 40% ocupan puestos claves o son l\u00edderes de componentes.<\/p><\/div><\/div><\/div><div class=\"x-col e49-e36 m1d-x m1d-y m1d-14\"><div  class=\"x-feature-box center-text top-text cf\" style=\"color: hsl(0, 100%, 0%); max-width: none;\" data-x-element=\"feature_box\" data-x-params=\"{&quot;child&quot;:false,&quot;graphicAnimation&quot;:&quot;tada&quot;,&quot;graphicAnimationOffset&quot;:&quot;50&quot;,&quot;graphicAnimationDelay&quot;:&quot;0&quot;}\"><div class=\"x-feature-box-graphic square \"><div class=\"x-feature-box-graphic-outer square\" style=\"\"><div class=\"x-feature-box-graphic-inner square\" style=\"font-size: 80px;\"><i class=\"x-icon-donate square\" data-x-icon-s=\"&#xf4b9;\"  style=\"margin: 0 auto; color: rgb(114, 63, 85); background-color: transparent;\"><\/i><\/div><\/div><\/div><div class=\"x-feature-box-content \"><h4 class=\"x-feature-box-title\" style=\"color: hsl(0, 0%, 0%);\"> TRANSPARENCIA<\/h4><p class=\"x-feature-box-text\" style=\"color: hsl(0, 100%, 0%);\">La inclusi\u00f3n financiera y la transparencia son los principios que han guiado y continuar\u00e1n guiando nuestras herramientas de apoyo financiero.<\/p><\/div><\/div><\/div><\/div><\/div><div class=\"x-row x-container max width e49-e38 m1d-7 m1d-9 m1d-f m1d-g m1d-j m1d-r m1d-t\"><div class=\"x-row-inner\"><div class=\"x-col e49-e39 m1d-x m1d-y m1d-14\"><div  class=\"x-feature-box center-text top-text cf\" style=\"color: hsl(0, 100%, 0%); max-width: none;\" data-x-element=\"feature_box\" data-x-params=\"{&quot;child&quot;:false,&quot;graphicAnimation&quot;:&quot;tada&quot;,&quot;graphicAnimationOffset&quot;:&quot;50&quot;,&quot;graphicAnimationDelay&quot;:&quot;0&quot;}\"><div class=\"x-feature-box-graphic square \"><div class=\"x-feature-box-graphic-outer square\" style=\"\"><div class=\"x-feature-box-graphic-inner square\" style=\"font-size: 80px;\"><i class=\"x-icon-hand-holding-usd square\" data-x-icon-s=\"&#xf4c0;\"  style=\"margin: 0 auto; color: rgb(114, 63, 85); background-color: transparent;\"><\/i><\/div><\/div><\/div><div class=\"x-feature-box-content \"><h4 class=\"x-feature-box-title\" style=\"color: hsl(0, 0%, 0%);\">COOPERACI\u00d3N<\/h4><p class=\"x-feature-box-text\" style=\"color: hsl(0, 100%, 0%);\">Cooperamos con las empresas de San Juan para impulsar su desarrollo sostenible, el aumento de su competitividad y la generaci\u00f3n de empleo; habiendo asistido entre 2015-2019 a 3407 MIPYMES de m\u00e1s de 16 cadenas productivas.<\/p><\/div><\/div><\/div><div class=\"x-col e49-e41 m1d-x m1d-y m1d-14\"><div  class=\"x-feature-box center-text top-text cf\" style=\"color: hsl(0, 100%, 0%); max-width: none;\" data-x-element=\"feature_box\" data-x-params=\"{&quot;child&quot;:false,&quot;graphicAnimation&quot;:&quot;tada&quot;,&quot;graphicAnimationOffset&quot;:&quot;50&quot;,&quot;graphicAnimationDelay&quot;:&quot;0&quot;}\"><div class=\"x-feature-box-graphic square \"><div class=\"x-feature-box-graphic-outer square\" style=\"\"><div class=\"x-feature-box-graphic-inner square\" style=\"font-size: 80px;\"><i class=\"x-icon-file-edit square\" data-x-icon-s=\"&#xf31c;\"  style=\"margin: 0 auto; color: rgb(114, 63, 85); background-color: transparent;\"><\/i><\/div><\/div><\/div><div class=\"x-feature-box-content \"><h4 class=\"x-feature-box-title\" style=\"color: hsl(0, 0%, 0%);\">DISE\u00d1O DE PROYECTOS<\/h4><p class=\"x-feature-box-text\" style=\"color: hsl(0, 100%, 0%);\">Amplia experiencia en dise\u00f1o y ejecuci\u00f3n de proyectos y programas en colaboraci\u00f3n con organismos internacionales (PNUD Argentina) y organismos multilaterales de cr\u00e9dito (Banco Mundial y Banco Interamericano de Desarrollo.<\/p><\/div><\/div><\/div><\/div><\/div><\/div><div class=\"x-section e49-e43 m1d-0 m1d-3 m1d-5\"><div class=\"x-bg\" aria-hidden=\"true\"><div class=\"x-bg-layer-lower-image\" data-x-element-bg-layer=\"{&quot;parallaxSize&quot;:&quot;110%&quot;,&quot;parallaxDir&quot;:&quot;h&quot;,&quot;parallaxRev&quot;:false}\" style=\" background-image: url(https:\/\/www.inversionessanjuan.gov.ar\/wp-content\/uploads\/2020\/10\/calidad2.jpg); background-repeat: repeat; background-position: ; background-size: cover;\"><\/div><div class=\"x-bg-layer-upper-color\" style=\" background-color: rgba(255, 255, 255, 0);\"><\/div><\/div><div class=\"x-row x-container max width e49-e44 m1d-7 m1d-9 m1d-a m1d-b m1d-c m1d-d m1d-e m1d-f m1d-g m1d-m m1d-u\"><div class=\"x-row-inner\"><div class=\"x-col e49-e45 m1d-x m1d-y m1d-z m1d-10\"><div class=\"x-text x-text-headline e49-e46 m1d-17 m1d-18 m1d-1a m1d-1c m1d-1e m1d-1g m1d-1h\"><div class=\"x-text-content\"><div class=\"x-text-content-text\"><h1 class=\"x-text-content-text-primary\"><span style=\"color: #000000;\">Nuestra<\/span><br \/><span style=\"color: #000000;\"><strong>Pol&iacute;tica de Calidad<\/strong><\/span><\/h1><\/div><\/div><\/div><\/div><\/div><\/div><div class=\"x-row x-container max width e49-e47 m1d-7 m1d-a m1d-d m1d-e m1d-f m1d-g m1d-k m1d-m m1d-v\"><div class=\"x-row-inner\"><div class=\"x-col e49-e48 m1d-x m1d-y m1d-z m1d-10\"><div  class=\"x-columnize\" ><p><strong>1. Pol\u00edtica de la Calidad<\/strong><br \/>\nEs pol\u00edtica de calidad de la Agencia San Juan de Desarrollo de Inversiones:<br \/>\n- Promover el desarrollo sostenible, el progreso y el bienestar.<br \/>\n-\u00a0 Brindar m\u00e1s y mejores servicios a las MIPyMES, cumpliendo con los requisitos impl\u00edcitos y establecidos por la ASJDI y los requisitos de los usuarios.<br \/>\n- Asegurar los recursos necesarios en la implementaci\u00f3n, mantenimiento y<br \/>\ncumplimiento del Sistema de Gesti\u00f3n.<br \/>\n-\u00a0 Mejorar en forma continua el Sistema de Gesti\u00f3n de la Calidad.<br \/>\n-\u00a0 Mantener una fluida comunicaci\u00f3n con todo su personal con el objetivo final de cumplir y hacer cumplir la normativa legal vigente como tambi\u00e9n la norma ISO 9001:2015.<\/p>\n<p>Estamos comprometidos con la cultura de la calidad y la mejora continua. Disponemos de recursos para la implementaci\u00f3n, mantenimiento, seguimiento y mejora continua de nuestro Sistema de Gesti\u00f3n de Calidad. Asimismo, mantenemos una fluida comunicaci\u00f3n interna con el objetivo final de cumplir y hacer cumplir la normativa legal vigente y la Norma ISO 9001:2015.<br \/>\nEsta pol\u00edtica es sostenida y asegurada por nuestras autoridades y su aplicaci\u00f3n efectiva est\u00e1 a cargo de todo el capital humano de la organizaci\u00f3n en el \u00e1mbito de responsabilidad que le corresponda.<br \/>\nEl Director de la Agencia tiene la responsabilidad de revisar la Pol\u00edtica de Calidad, a los efectos de evaluar si es adecuada a los prop\u00f3sitos de la Agencia de Inversiones.<br \/>\n<strong>2. Objetivo Estrat\u00e9gico<\/strong><br \/>\nIncorporar pr\u00e1cticas de mejora continua para impulsar, dise\u00f1ar y ejecutar herramientas que, espec\u00edficamente, contribuyan al mejoramiento de la competitividad sist\u00e9mica de los complejos productivos de San Juan; con la finalidad de generar mejores condiciones para la internacionalizaci\u00f3n de la econom\u00eda local.<\/p><\/div><\/div><\/div><\/div><\/div><div class=\"x-section e49-e50 m1d-0 m1d-6\"><div class=\"x-row x-container max width e49-e51 m1d-7 m1d-9 m1d-a m1d-b m1d-e m1d-f m1d-g m1d-l m1d-w\"><div class=\"x-row-inner\"><div class=\"x-col e49-e52 m1d-x m1d-y m1d-z m1d-10 m1d-15\"><span class=\"x-image e49-e53 m1d-1r\"><img decoding=\"async\" src=\"https:\/\/www.inversionessanjuan.gov.ar\/wp-content\/uploads\/2024\/03\/paliza.jpg\" width=\"172\" height=\"169\" alt=\"Image\" loading=\"lazy\"><\/span><div class=\"x-text x-content e49-e54 m1d-1m m1d-1n m1d-1q\"><p class=\"p1\"><b>Mart\u00edn Eduardo Palisa<br \/>\n<\/b>Director ASJDI<b><br \/>\n<\/b><\/p><\/div><\/div><div class=\"x-col e49-e55 m1d-x m1d-y m1d-z m1d-10\"><div class=\"x-text x-content e49-e56 m1d-1m m1d-1n m1d-1q\"><div>Director de la Agencia de Inversiones de San Juan desde diciembre del 2023. En esta instituci\u00f3n es Director Nacional del Proyecto PNUD ARG 20\/006 \u201cProyecto de Triple Impacto para el Desarrollo Sostenible de San Juan\u201d y del Proyecto PNUD ARG 22\/006 \u201cPrograma de Cr\u00e9dito para la reactivaci\u00f3n de la producci\u00f3n de la producci\u00f3n de la provincia de San Juan (Pr\u00e9stamo BID Nro. 5343\/ OC- A R)\u201d. Es Ingeniero Industrial egresado de la UNSJ. Con experiencia en la actividad privada en proyecto minero. En el \u00e1mbito p\u00fablico se desempe\u00f1\u00f3 como Director de obras en la Municipalidad de Santa Luc\u00eda. Desde 2017 desarroll\u00f3 su labor en el Instituto Nacional de Tecnolog\u00eda Industrial (INTI), especializado en mejora de la productividad mediante las tecnolog\u00edas de gesti\u00f3n al servicio de la industria.<\/div><\/div><\/div><\/div><\/div><\/div><span data-x-element-responsive-text=\"{&quot;selector&quot;:&quot;.h-responsive&quot;,&quot;compression&quot;:&quot;1.0&quot;,&quot;minFontSize&quot;:&quot;11px&quot;,&quot;maxFontSize&quot;:&quot;96&quot;}\" class=\"e49-e57\"><\/span><\/div>\n","protected":false},"excerpt":{"rendered":"<p>Sobre NosotrosNuestrasBasesMISI&Oacute;NContribuimos con el desarrollo sostenible, el progreso y el bienestar de la Provincia con veh&iacute;culos de apoyo financiero, asistencia t&eacute;cnica, incentivos econ&oacute;micos y servicios al inversor, dise&ntilde;ados para generar condiciones que promuevan el aumento de la capacidad instalada, la competitividad, la inclusi&oacute;n financiera, la sustentabilidad ambiental y el empleo.VISI&Oacute;NBuscamos ser reconocidos como una aut&eacute;ntica agencia de desarrollo y referente &#8230; <\/p>\n<div><a href=\"https:\/\/www.inversionessanjuan.gov.ar\/?page_id=49\" class=\"more-link\">Read More<\/a><\/div>\n","protected":false},"author":1,"featured_media":0,"parent":0,"menu_order":0,"comment_status":"closed","ping_status":"closed","template":"template-blank-4.php","meta":{"footnotes":""},"_links":{"self":[{"href":"https:\/\/www.inversionessanjuan.gov.ar\/index.php?rest_route=\/wp\/v2\/pages\/49"}],"collection":[{"href":"https:\/\/www.inversionessanjuan.gov.ar\/index.php?rest_route=\/wp\/v2\/pages"}],"about":[{"href":"https:\/\/www.inversionessanjuan.gov.ar\/index.php?rest_route=\/wp\/v2\/types\/page"}],"author":[{"embeddable":true,"href":"https:\/\/www.inversionessanjuan.gov.ar\/index.php?rest_route=\/wp\/v2\/users\/1"}],"replies":[{"embeddable":true,"href":"https:\/\/www.inversionessanjuan.gov.ar\/index.php?rest_route=%2Fwp%2Fv2%2Fcomments&post=49"}],"version-history":[{"count":47,"href":"https:\/\/www.inversionessanjuan.gov.ar\/index.php?rest_route=\/wp\/v2\/pages\/49\/revisions"}],"predecessor-version":[{"id":1779,"href":"https:\/\/www.inversionessanjuan.gov.ar\/index.php?rest_route=\/wp\/v2\/pages\/49\/revisions\/1779"}],"wp:attachment":[{"href":"https:\/\/www.inversionessanjuan.gov.ar\/index.php?rest_route=%2Fwp%2Fv2%2Fmedia&parent=49"}],"curies":[{"name":"wp","href":"https:\/\/api.w.org\/{rel}","templated":true}]}}