{"id":494,"date":"2020-11-20T09:05:05","date_gmt":"2020-11-20T12:05:05","guid":{"rendered":"https:\/\/www.inversionessanjuan.gov.ar\/?page_id=494"},"modified":"2021-08-09T16:19:02","modified_gmt":"2021-08-09T19:19:02","slug":"sector-estrategico-industria-manufacturera","status":"publish","type":"page","link":"https:\/\/www.inversionessanjuan.gov.ar\/?page_id=494","title":{"rendered":"Sector Estrat\u00e9gico Industria Manufacturera"},"content":{"rendered":"<div id=\"cs-content\" class=\"cs-content\"><\/div>\n","protected":false},"excerpt":{"rendered":"<p>Sectores Estrat\u00e9gicosIndustria ManufactureraHist\u00f3ricamente la industria de San Juan se asociaba con la agroindustria; sin embargo, en las \u00faltimas d\u00e9cadas se han promovido pol\u00edticas activas destinadas a generar condiciones para el desarrollo de complejos industriales con el objetivo de dinamizar el entramado productivo, generar empleo y agregar valor a la producci\u00f3n. Esta tendencia se vio favorecida por el avance de la &#8230; <\/p>\n<div><a href=\"https:\/\/www.inversionessanjuan.gov.ar\/?page_id=494\" class=\"more-link\">Read More<\/a><\/div>\n","protected":false},"author":1,"featured_media":0,"parent":0,"menu_order":0,"comment_status":"closed","ping_status":"closed","template":"template-blank-4.php","meta":{"footnotes":""},"_links":{"self":[{"href":"https:\/\/www.inversionessanjuan.gov.ar\/index.php?rest_route=\/wp\/v2\/pages\/494"}],"collection":[{"href":"https:\/\/www.inversionessanjuan.gov.ar\/index.php?rest_route=\/wp\/v2\/pages"}],"about":[{"href":"https:\/\/www.inversionessanjuan.gov.ar\/index.php?rest_route=\/wp\/v2\/types\/page"}],"author":[{"embeddable":true,"href":"https:\/\/www.inversionessanjuan.gov.ar\/index.php?rest_route=\/wp\/v2\/users\/1"}],"replies":[{"embeddable":true,"href":"https:\/\/www.inversionessanjuan.gov.ar\/index.php?rest_route=%2Fwp%2Fv2%2Fcomments&post=494"}],"version-history":[{"count":9,"href":"https:\/\/www.inversionessanjuan.gov.ar\/index.php?rest_route=\/wp\/v2\/pages\/494\/revisions"}],"predecessor-version":[{"id":1031,"href":"https:\/\/www.inversionessanjuan.gov.ar\/index.php?rest_route=\/wp\/v2\/pages\/494\/revisions\/1031"}],"wp:attachment":[{"href":"https:\/\/www.inversionessanjuan.gov.ar\/index.php?rest_route=%2Fwp%2Fv2%2Fmedia&parent=494"}],"curies":[{"name":"wp","href":"https:\/\/api.w.org\/{rel}","templated":true}]}}