{"id":50,"date":"2016-08-26T12:52:22","date_gmt":"2016-08-26T17:52:22","guid":{"rendered":"https:\/\/www.inversionessanjuan.gov.ar\/services\/"},"modified":"2023-12-14T10:16:27","modified_gmt":"2023-12-14T13:16:27","slug":"publicaciones","status":"publish","type":"page","link":"https:\/\/www.inversionessanjuan.gov.ar\/?page_id=50","title":{"rendered":"Publicaciones"},"content":{"rendered":"<div id=\"cs-content\" class=\"cs-content\"><\/div>\n","protected":false},"excerpt":{"rendered":"<p>Nuestras PublicacionesPublicamos Informaci\u00f3n importante para el InversorA continuaci\u00f3n Ud. dispone de los siguientes t\u00edtulos en archivos PDF para bajar a su computadora. Haga click en el texto &#8220;Bajar archivo&#8221; del t\u00edtulo de su inter\u00e9s.Gu\u00eda del Inversor Bajar archivo PDFInvestor GuideEnglish version Download PDFNegocios en Alimentos y Bebidas Bajar archivo PDFOportunidades de negocio en Miner\u00eda Bajar archivo PDFPrograma de Cr\u00e9dito para &#8230; <\/p>\n<div><a href=\"https:\/\/www.inversionessanjuan.gov.ar\/?page_id=50\" class=\"more-link\">Read More<\/a><\/div>\n","protected":false},"author":1,"featured_media":0,"parent":0,"menu_order":0,"comment_status":"closed","ping_status":"closed","template":"template-blank-4.php","meta":{"footnotes":""},"_links":{"self":[{"href":"https:\/\/www.inversionessanjuan.gov.ar\/index.php?rest_route=\/wp\/v2\/pages\/50"}],"collection":[{"href":"https:\/\/www.inversionessanjuan.gov.ar\/index.php?rest_route=\/wp\/v2\/pages"}],"about":[{"href":"https:\/\/www.inversionessanjuan.gov.ar\/index.php?rest_route=\/wp\/v2\/types\/page"}],"author":[{"embeddable":true,"href":"https:\/\/www.inversionessanjuan.gov.ar\/index.php?rest_route=\/wp\/v2\/users\/1"}],"replies":[{"embeddable":true,"href":"https:\/\/www.inversionessanjuan.gov.ar\/index.php?rest_route=%2Fwp%2Fv2%2Fcomments&post=50"}],"version-history":[{"count":22,"href":"https:\/\/www.inversionessanjuan.gov.ar\/index.php?rest_route=\/wp\/v2\/pages\/50\/revisions"}],"predecessor-version":[{"id":1766,"href":"https:\/\/www.inversionessanjuan.gov.ar\/index.php?rest_route=\/wp\/v2\/pages\/50\/revisions\/1766"}],"wp:attachment":[{"href":"https:\/\/www.inversionessanjuan.gov.ar\/index.php?rest_route=%2Fwp%2Fv2%2Fmedia&parent=50"}],"curies":[{"name":"wp","href":"https:\/\/api.w.org\/{rel}","templated":true}]}}