{"id":506,"date":"2020-11-20T17:31:25","date_gmt":"2020-11-20T20:31:25","guid":{"rendered":"https:\/\/www.inversionessanjuan.gov.ar\/?page_id=506"},"modified":"2021-08-09T16:18:18","modified_gmt":"2021-08-09T19:18:18","slug":"sector-estrategico-agroindustrias","status":"publish","type":"page","link":"https:\/\/www.inversionessanjuan.gov.ar\/?page_id=506","title":{"rendered":"Sector Estrat\u00e9gico Agroindustrias"},"content":{"rendered":"<div id=\"cs-content\" class=\"cs-content\"><\/div>\n","protected":false},"excerpt":{"rendered":"<p>Sectores Estrat\u00e9gicosAgroindustrias:Alimentos y BebidasSan Juan es productora y exportadora de alimentos y bebidas con participaci\u00f3n creciente en el mercado nacional e internacional por los est\u00e1ndares sanitarios, ambientales y de calidad, \u00f3ptimos para responder a las condiciones, demandas y gustos de los consumidores. Somos tradici\u00f3n e innovaci\u00f3n en vitivinicultura, olivicultura y frutihorticultura; presentando hoy una oferta de alimentos y bebidas diversificada &#8230; <\/p>\n<div><a href=\"https:\/\/www.inversionessanjuan.gov.ar\/?page_id=506\" class=\"more-link\">Read More<\/a><\/div>\n","protected":false},"author":1,"featured_media":0,"parent":0,"menu_order":0,"comment_status":"closed","ping_status":"closed","template":"template-blank-4.php","meta":{"footnotes":""},"_links":{"self":[{"href":"https:\/\/www.inversionessanjuan.gov.ar\/index.php?rest_route=\/wp\/v2\/pages\/506"}],"collection":[{"href":"https:\/\/www.inversionessanjuan.gov.ar\/index.php?rest_route=\/wp\/v2\/pages"}],"about":[{"href":"https:\/\/www.inversionessanjuan.gov.ar\/index.php?rest_route=\/wp\/v2\/types\/page"}],"author":[{"embeddable":true,"href":"https:\/\/www.inversionessanjuan.gov.ar\/index.php?rest_route=\/wp\/v2\/users\/1"}],"replies":[{"embeddable":true,"href":"https:\/\/www.inversionessanjuan.gov.ar\/index.php?rest_route=%2Fwp%2Fv2%2Fcomments&post=506"}],"version-history":[{"count":14,"href":"https:\/\/www.inversionessanjuan.gov.ar\/index.php?rest_route=\/wp\/v2\/pages\/506\/revisions"}],"predecessor-version":[{"id":1029,"href":"https:\/\/www.inversionessanjuan.gov.ar\/index.php?rest_route=\/wp\/v2\/pages\/506\/revisions\/1029"}],"wp:attachment":[{"href":"https:\/\/www.inversionessanjuan.gov.ar\/index.php?rest_route=%2Fwp%2Fv2%2Fmedia&parent=506"}],"curies":[{"name":"wp","href":"https:\/\/api.w.org\/{rel}","templated":true}]}}