{"id":70,"date":"2016-08-26T12:53:34","date_gmt":"2016-08-26T17:53:34","guid":{"rendered":"https:\/\/www.inversionessanjuan.gov.ar\/contact-2\/"},"modified":"2024-03-25T18:43:58","modified_gmt":"2024-03-25T21:43:58","slug":"contacto","status":"publish","type":"page","link":"https:\/\/www.inversionessanjuan.gov.ar\/?page_id=70","title":{"rendered":"Contacto"},"content":{"rendered":"<div id=\"cs-content\" class=\"cs-content\"><div class=\"x-section e70-e1 m1y-0 m1y-1\"><div class=\"x-bg\" aria-hidden=\"true\" style=\"border-radius: inherit inherit 100px inherit;\"><div class=\"x-bg-layer-lower-image\" data-x-element-bg-layer=\"{&quot;parallaxSize&quot;:&quot;150%&quot;,&quot;parallaxDir&quot;:&quot;v&quot;,&quot;parallaxRev&quot;:false}\"><\/div><\/div><div class=\"x-row x-container max width e70-e2 m1y-5 m1y-6 m1y-7 m1y-b m1y-c\"><div class=\"x-row-inner\"><div class=\"x-col e70-e3 m1y-g m1y-h m1y-i\"><div class=\"x-text x-text-headline e70-e4 m1y-m m1y-n m1y-o\"><div class=\"x-text-content\"><div class=\"x-text-content-text\"><h1 class=\"x-text-content-text-primary\">Cont\u00e1ctenos!<\/h1><\/div><\/div><\/div><\/div><\/div><\/div><\/div><div class=\"x-section e70-e5 m1y-0 m1y-2\"><span class=\"x-separator-top-angle-in\" style=\"top: 0px; height: 70px; color: rgb(255, 255, 255);\" aria-hidden=\"true\"><svg class=\"angle-top-in\" style=\"fill: currentColor;\" xmlns=\"http:\/\/www.w3.org\/2000\/svg\" version=\"1.1\" viewBox=\"0 0 100 100\" preserveAspectRatio=\"none\"><polygon points=\"0,100 50,100 0,0\"\/><polygon points=\"50,100 100,100 100,0\"\/><\/svg><\/span><div class=\"x-row e70-e6 m1y-5 m1y-7 m1y-8 m1y-b m1y-d\"><div class=\"x-row-inner\"><div class=\"x-col e70-e7 m1y-g m1y-h\"><div class=\"x-frame x-frame-map-embed e70-e8 m1y-s\"><div class=\"x-frame-inner\"><div class=\"x-map x-map-embed\"><iframe loading=\"lazy\" src=\"https:\/\/www.google.com\/maps\/embed?pb=!1m18!1m12!1m3!1d3400.8258550571845!2d-68.55671188512433!3d-31.528942581366763!2m3!1f0!2f0!3f0!3m2!1i1024!2i768!4f13.1!3m3!1m2!1s0x9681404bc7ed8e87%3A0x918e2dd30b6fef8c!2sAgencia%20San%20Juan%20de%20Desarrollo%20de%20Inversiones!5e0!3m2!1ses-419!2sar!4v1604955384365!5m2!1ses-419!2sar\" width=\"600\" height=\"300\" frameborder=\"0\" style=\"border:0;\" allowfullscreen=\"\" aria-hidden=\"false\" tabindex=\"0\"><\/iframe><\/div><\/div><\/div><\/div><\/div><\/div><\/div><div class=\"x-section e70-e9 m1y-0 m1y-2 m1y-3\"><div class=\"x-row e70-e10 m1y-5 m1y-7 m1y-8 m1y-9 m1y-b m1y-e\"><div class=\"x-row-inner\"><div class=\"x-col e70-e11 m1y-g m1y-j m1y-k\"><div class=\"x-text x-text-headline e70-e12 m1y-m m1y-n m1y-p m1y-q\"><div class=\"x-text-content\"><div class=\"x-text-content-text\"><h1 class=\"x-text-content-text-primary\"><span>complete el <strong>formulario<\/strong><\/span><\/h1><\/div><\/div><\/div><hr class=\"x-line e70-e13 m1y-t\"><\/hr><iframe loading=\"lazy\" src=\"https:\/\/docs.google.com\/forms\/d\/e\/1FAIpQLSfWp9ai2fViHZXrAMa_jN-yFc8iU75YZPZXVZjOWztSPYLzAQ\/viewform\" style=\"border:0px #ffffff none;\" name=\"formulario\" scrolling=\"yes\" frameborder=\"0\" marginheight=\"600px\" marginwidth=\"600px\" height=\"400px\" width=\"600px\" allowfullscreen><\/iframe><\/div><\/div><\/div><\/div><div class=\"x-section e70-e15 m1y-0 m1y-2 m1y-4\"><div class=\"x-bg\" aria-hidden=\"true\"><div class=\"x-bg-layer-lower-image\" data-x-element-bg-layer=\"{&quot;parallaxSize&quot;:&quot;150%&quot;,&quot;parallaxDir&quot;:&quot;v&quot;,&quot;parallaxRev&quot;:false}\" style=\" background-image: url(https:\/\/www.inversionessanjuan.gov.ar\/wp-content\/uploads\/2020\/10\/Vinedos_San-Juan.jpg); background-repeat: no-repeat; background-position: center; background-size: cover;\"><\/div><\/div><div class=\"x-row e70-e16 m1y-5 m1y-8 m1y-a m1y-f\"><div class=\"x-row-inner\"><div class=\"x-col e70-e17 m1y-g m1y-k m1y-l\"><span class=\"x-image e70-e18 m1y-u\"><img decoding=\"async\" src=\"https:\/\/www.inversionessanjuan.gov.ar\/wp-content\/uploads\/2024\/03\/logoRecurso-1.png\" width=\"520\" height=\"158\" alt=\"Image\" loading=\"lazy\"><\/span><div class=\"x-text x-text-headline has-graphic e70-e19 m1y-n m1y-p m1y-r\"><div class=\"x-text-content\"><span class=\"x-graphic\" aria-hidden=\"true\"><i class=\"x-icon x-graphic-child x-graphic-icon x-graphic-primary\" aria-hidden=\"true\" data-x-icon-s=\"&#xf041;\"><\/i><\/span><div class=\"x-text-content-text\"><h1 class=\"x-text-content-text-primary\">Domicilio<\/h1><\/div><\/div><\/div><hr class=\"x-line e70-e20 m1y-v\"><\/hr><div class=\"x-text x-content e70-e21 m1y-w m1y-x\"><span>Casa de Gobierno de San Juan, calle Paula Albarrac\u00edn de Sarmiento norte 134, Pabell\u00f3n 5, San Juan, Argentina.<\/span><\/div><div class=\"x-text x-text-headline has-graphic e70-e22 m1y-n m1y-p m1y-r\"><div class=\"x-text-content\"><span class=\"x-graphic\" aria-hidden=\"true\"><i class=\"x-icon x-graphic-child x-graphic-icon x-graphic-primary\" aria-hidden=\"true\" data-x-icon-s=\"&#xf095;\"><\/i><\/span><div class=\"x-text-content-text\"><h1 class=\"x-text-content-text-primary\">TEL\u00c9FONO<\/h1><\/div><\/div><\/div><hr class=\"x-line e70-e23 m1y-v\"><\/hr><div class=\"x-text x-content e70-e24 m1y-w m1y-y\"><span>(0264) 429 6282<\/span><\/div><\/div><\/div><\/div><\/div><\/div>\n","protected":false},"excerpt":{"rendered":"<p>Cont\u00e1ctenos!complete el formularioDomicilioCasa de Gobierno de San Juan, calle Paula Albarrac\u00edn de Sarmiento norte 134, Pabell\u00f3n 5, San Juan, Argentina.TEL\u00c9FONO(0264) 429 6282<\/p>\n","protected":false},"author":1,"featured_media":0,"parent":0,"menu_order":0,"comment_status":"closed","ping_status":"closed","template":"template-blank-4.php","meta":{"footnotes":""},"_links":{"self":[{"href":"https:\/\/www.inversionessanjuan.gov.ar\/index.php?rest_route=\/wp\/v2\/pages\/70"}],"collection":[{"href":"https:\/\/www.inversionessanjuan.gov.ar\/index.php?rest_route=\/wp\/v2\/pages"}],"about":[{"href":"https:\/\/www.inversionessanjuan.gov.ar\/index.php?rest_route=\/wp\/v2\/types\/page"}],"author":[{"embeddable":true,"href":"https:\/\/www.inversionessanjuan.gov.ar\/index.php?rest_route=\/wp\/v2\/users\/1"}],"replies":[{"embeddable":true,"href":"https:\/\/www.inversionessanjuan.gov.ar\/index.php?rest_route=%2Fwp%2Fv2%2Fcomments&post=70"}],"version-history":[{"count":15,"href":"https:\/\/www.inversionessanjuan.gov.ar\/index.php?rest_route=\/wp\/v2\/pages\/70\/revisions"}],"predecessor-version":[{"id":1801,"href":"https:\/\/www.inversionessanjuan.gov.ar\/index.php?rest_route=\/wp\/v2\/pages\/70\/revisions\/1801"}],"wp:attachment":[{"href":"https:\/\/www.inversionessanjuan.gov.ar\/index.php?rest_route=%2Fwp%2Fv2%2Fmedia&parent=70"}],"curies":[{"name":"wp","href":"https:\/\/api.w.org\/{rel}","templated":true}]}}